{"id":97,"date":"2026-02-16T16:39:04","date_gmt":"2026-02-16T15:39:04","guid":{"rendered":"https:\/\/or.limbus-studio.com\/?page_id=97"},"modified":"2026-02-18T13:21:52","modified_gmt":"2026-02-18T12:21:52","slug":"contact","status":"publish","type":"page","link":"https:\/\/or.notaires.fr\/it\/contact\/","title":{"rendered":"Contatti"},"content":{"rendered":"<style type=\"text\/css\" data-created_by=\"avia_inline_auto\" id=\"style-css-av-mlqqs2qq-7169eb885f017fb8179adc52cc1e5478\">\n.avia-section.av-mlqqs2qq-7169eb885f017fb8179adc52cc1e5478{\nbackground-color:#f7f7f7;\nbackground-image:url(https:\/\/or.notaires.fr\/wp-content\/uploads\/2026\/02\/logo-or-notaires-seul-blanc.png);\nbackground-repeat:no-repeat;\nbackground-position:100% 100%;\nbackground-attachment:scroll;\n}\n<\/style>\n<div id='av_section_1'  class='avia-section av-mlqqs2qq-7169eb885f017fb8179adc52cc1e5478 main_color avia-section-default avia-no-border-styling  avia-builder-el-0  avia-builder-el-no-sibling  avia-bg-style-scroll av-minimum-height av-minimum-height-100 av-height-100  container_wrap fullsize'  data-section-bg-repeat='no-repeat' data-av_minimum_height_pc='100' data-av_min_height_opt='100'><div class='container av-section-cont-open' ><main  role=\"main\" itemprop=\"mainContentOfPage\"  class='template-page content  av-content-full alpha units'><div class='post-entry post-entry-type-page post-entry-97'><div class='entry-content-wrapper clearfix'>\n<div class='flex_column_table av-5xzbd-2625ab41234654ff56c06b3791f96c4c sc-av_one_half av-equal-height-column-flextable'><div  class='flex_column av-5xzbd-2625ab41234654ff56c06b3791f96c4c av_one_half  avia-builder-el-1  el_before_av_one_half  avia-builder-el-first  first flex_column_table_cell av-equal-height-column av-align-middle'     ><p>\n<style type=\"text\/css\" data-created_by=\"avia_inline_auto\" id=\"style-css-av-4zuud-891f7e783181f49b4ea01df67ef228a7\">\n.avia-image-container.av-4zuud-891f7e783181f49b4ea01df67ef228a7 img.avia_image{\nbox-shadow:none;\n}\n.avia-image-container.av-4zuud-891f7e783181f49b4ea01df67ef228a7 .av-image-caption-overlay-center{\ncolor:#ffffff;\n}\n<\/style>\n<div  class='avia-image-container av-4zuud-891f7e783181f49b4ea01df67ef228a7 av-styling- avia-align-left  avia-builder-el-2  el_before_av_hr  avia-builder-el-first'   itemprop=\"image\" itemscope=\"itemscope\" itemtype=\"https:\/\/schema.org\/ImageObject\" ><div class=\"avia-image-container-inner\"><div class=\"avia-image-overlay-wrap\"><img decoding=\"async\" fetchpriority=\"high\" class='wp-image-24 avia-img-lazy-loading-not-24 avia_image' src=\"https:\/\/or.notaires.fr\/wp-content\/uploads\/2026\/02\/logo-or-notaires-petit-300x264.png\" alt='' title='piccolo logo dorato per notai'  height=\"264\" width=\"300\"  itemprop=\"thumbnailUrl\" srcset=\"https:\/\/or.notaires.fr\/wp-content\/uploads\/2026\/02\/logo-or-notaires-petit-300x264.png 300w, https:\/\/or.notaires.fr\/wp-content\/uploads\/2026\/02\/logo-or-notaires-petit.png 600w\" sizes=\"(max-width: 300px) 100vw, 300px\" \/><\/div><\/div><\/div><br \/>\n\n<style type=\"text\/css\" data-created_by=\"avia_inline_auto\" id=\"style-css-av-mlqr8hex-4b2947fcca7caf7eede927bbf0e61a20\">\n#top .hr.hr-invisible.av-mlqr8hex-4b2947fcca7caf7eede927bbf0e61a20{\nheight:30px;\n}\n<\/style>\n<div  class='hr av-mlqr8hex-4b2947fcca7caf7eede927bbf0e61a20 hr-invisible  avia-builder-el-3  el_after_av_image  el_before_av_textblock'><span class='hr-inner'><span class=\"hr-inner-style\"><\/span><\/span><\/div><br \/>\n\n<style type=\"text\/css\" data-created_by=\"avia_inline_auto\" id=\"style-css-av-43h99-0e15962450c9f864139a616952ea48ea\">\n#top .av_textblock_section.av-43h99-0e15962450c9f864139a616952ea48ea .avia_textblock{\ncolor:#204852;\n}\n<\/style>\n<section  class='av_textblock_section av-43h99-0e15962450c9f864139a616952ea48ea'   itemscope=\"itemscope\" itemtype=\"https:\/\/schema.org\/CreativeWork\" ><div class='avia_textblock av_inherit_color'  itemprop=\"text\" ><p><strong>29 rue Custine<br \/>\n75018 Parigi<\/strong><br \/>\n<a href=\"mailto:office@rouault.notaires.fr\">office@rouault.notaires.fr<\/a><br \/>\ntelefono: \u00a0<a href=\"tel:+33140055469\">01 40 05 54 69<\/a><\/p>\n<\/div><\/section><br \/>\n<section  class='av_textblock_section av-2lka9-69b150eeef79dcbd07d52e98a3e6eb5b'   itemscope=\"itemscope\" itemtype=\"https:\/\/schema.org\/CreativeWork\" ><div class='avia_textblock'  itemprop=\"text\" ><p><strong>ORARI<\/strong><br \/>\ndal luned\u00ec al venerd\u00ec<br \/>\nDalle 9:30 alle 18:00<\/p>\n<\/div><\/section><br \/>\n<div  class='av_gmaps_sc_main_wrap av_gmaps_main_wrap'><div id='av_gmap_0' class='avia-google-map-container avia-google-map-sc av_gmaps_show_unconditionally av-no-fallback-img' data-mapid='av_gmap_0'  style='height: 400px;'><a class=\"av_gmaps_browser_disabled av_text_confirm_link av_text_confirm_link_visible\" href=\"https:\/\/www.google.com\/maps\/search\/?api=1&#038;query=29%20rue%20Custine%2075018%20Paris%20750018%20Paris%20%20France\" target=\"_blank\">Le mappe sono state disabilitate dal visitatore di questo sito. Clicca per aprire la mappa in una nuova finestra.<\/a><\/div><\/div><br \/>\n<section  class='av_textblock_section av-te6d-177d58c678fcab5da8a8b07c51b17281'   itemscope=\"itemscope\" itemtype=\"https:\/\/schema.org\/CreativeWork\" ><div class='avia_textblock'  itemprop=\"text\" ><p><a href=\"https:\/\/www.google.com\/maps\/dir\/\/29+Rue+Custine,+75018+Paris\/@48.8889464,2.3430053,17z\/data=!4m18!1m8!3m7!1s0x47e66e5da0838167:0x69abdeedfb299d7c!2s29+Rue+Custine,+75018+Paris!3b1!8m2!3d48.8889464!4d2.3455856!16s%2Fg%2F11rp391wn4!4m8!1m0!1m5!1m1!1s0x47e66e5da0838167:0x69abdeedfb299d7c!2m2!1d2.3455856!2d48.8889464!3e2!5m1!1e2?entry=ttu&amp;g_ep=EgoyMDI2MDIxMS4wIKXMDSoASAFQAw%3D%3D\" target=\"_blank\" rel=\"noopener\"><strong>Itinerario<\/strong><\/a><\/p>\n<\/div><\/section><\/p><\/div><div class='av-flex-placeholder'><\/div>\n<style type=\"text\/css\" data-created_by=\"avia_inline_auto\" id=\"style-css-av-4p9ft-ae14c3d5c1098368469f182b1d2e34c4\">\n.flex_column.av-4p9ft-ae14c3d5c1098368469f182b1d2e34c4{\npadding:50px 50px 50px 50px;\nbackground-color:#c99e5f;\n}\n<\/style>\n<div  class='flex_column av-4p9ft-ae14c3d5c1098368469f182b1d2e34c4 av_one_half  avia-builder-el-8  el_after_av_one_half  avia-builder-el-last  flex_column_table_cell av-equal-height-column av-align-middle'     ><form action=\"https:\/\/or.notaires.fr\/it\/contact\/\" method=\"post\" data-fields-with-error=\"Sono stati riscontrati errori nei seguenti campi:\" class=\"avia_ajax_form av-form-labels-visible   avia-builder-el-9  avia-builder-el-no-sibling\" data-avia-form-id=\"1\" data-avia-redirect=''  aria-label='Modulo di contatto' data-trp-original-action=\"https:\/\/or.notaires.fr\/it\/contact\/\" ><h3 class=''>Contattaci<\/h3><fieldset><p class='first_form  form_element form_fullwidth' id='element_avia_1_1'><label for=\"avia_1_1\">Nome <abbr class=\"required\" title=\"richiesto\">*<\/abbr><\/label> <input name=\"avia_1_1\" class=\"text_input is_empty\" type=\"text\" id=\"avia_1_1\" value=\"\" \/><\/p><p class='first_form  form_element form_fullwidth' id='element_avia_2_1'><label for=\"avia_2_1\">E-mail <abbr class=\"required\" title=\"richiesto\">*<\/abbr><\/label> <input name=\"avia_2_1\" class=\"text_input is_email\" type=\"text\" id=\"avia_2_1\" value=\"\" \/><\/p><p class='first_form  form_element form_fullwidth' id='element_avia_3_1'><label for=\"avia_3_1\">Oggetto <abbr class=\"required\" title=\"richiesto\">*<\/abbr><\/label><select  name=\"avia_3_1\" class=\"select is_empty\" id=\"avia_3_1\"><option   value='S\u00e9l\u00e9ctionner'>Selezionare<\/option><option   value='Immobilier &amp; Copropri\u00e9t\u00e9'>Immobilier &amp; Copropri\u00e9t\u00e9<\/option><option   value='Famille &amp; patrimoine'>Famille &amp; patrimoine<\/option><option   value='France-Italie'>Francia-Italia<\/option><option   value='Autre'>Altro<\/option><\/select><\/p><p class='first_form  form_element form_fullwidth av-last-visible-form-element' id='element_avia_4_1'><label for=\"avia_4_1\" class=\"textare_label hidden textare_label_avia_4_1\">Messaggio <abbr class=\"required\" title=\"richiesto\">*<\/abbr><\/label><textarea  name=\"avia_4_1\" class=\"text_area is_empty\" cols=\"40\" rows=\"7\" id=\"avia_4_1\" ><\/textarea><\/p><p class=\"hidden\"><input type=\"text\" name=\"avia_5_1\" class=\"hidden\" id=\"avia_5_1\" value=\"\" \/><\/p><p class=\"form_element\"><input type=\"hidden\" value=\"1\" name=\"avia_generated_form1\" \/><input type=\"submit\" value=\"Inviare\" class=\"button\"  data-sending-label=\"Invio\"\/><\/p><\/fieldset><input type=\"hidden\" name=\"trp-form-language\" value=\"it\"\/><\/form><div id=\"ajaxresponse_1\" class=\"ajaxresponse ajaxresponse_1 hidden\"><\/div><\/div><\/div><!--close column table wrapper. Autoclose: 1 -->","protected":false},"excerpt":{"rendered":"","protected":false},"author":1,"featured_media":0,"parent":0,"menu_order":0,"comment_status":"closed","ping_status":"closed","template":"","meta":{"footnotes":""},"class_list":["post-97","page","type-page","status-publish","hentry"],"_links":{"self":[{"href":"https:\/\/or.notaires.fr\/it\/wp-json\/wp\/v2\/pages\/97","targetHints":{"allow":["GET"]}}],"collection":[{"href":"https:\/\/or.notaires.fr\/it\/wp-json\/wp\/v2\/pages"}],"about":[{"href":"https:\/\/or.notaires.fr\/it\/wp-json\/wp\/v2\/types\/page"}],"author":[{"embeddable":true,"href":"https:\/\/or.notaires.fr\/it\/wp-json\/wp\/v2\/users\/1"}],"replies":[{"embeddable":true,"href":"https:\/\/or.notaires.fr\/it\/wp-json\/wp\/v2\/comments?post=97"}],"version-history":[{"count":13,"href":"https:\/\/or.notaires.fr\/it\/wp-json\/wp\/v2\/pages\/97\/revisions"}],"predecessor-version":[{"id":338,"href":"https:\/\/or.notaires.fr\/it\/wp-json\/wp\/v2\/pages\/97\/revisions\/338"}],"wp:attachment":[{"href":"https:\/\/or.notaires.fr\/it\/wp-json\/wp\/v2\/media?parent=97"}],"curies":[{"name":"wp","href":"https:\/\/api.w.org\/{rel}","templated":true}]}}