{"id":95,"date":"2026-02-16T16:38:54","date_gmt":"2026-02-16T15:38:54","guid":{"rendered":"https:\/\/or.limbus-studio.com\/?page_id=95"},"modified":"2026-04-08T12:39:12","modified_gmt":"2026-04-08T10:39:12","slug":"guides-et-conseils","status":"publish","type":"page","link":"https:\/\/or.notaires.fr\/it\/guides-et-conseils\/","title":{"rendered":"Guide e consigli"},"content":{"rendered":"<div id='av_section_1'  class='avia-section av-tymf-fec92b755a69b7664757333afaab5e0b main_color avia-section-default avia-no-border-styling  avia-builder-el-0  avia-builder-el-no-sibling  avia-bg-style-scroll container_wrap fullsize'  ><div class='container av-section-cont-open' ><main  role=\"main\" itemprop=\"mainContentOfPage\"  class='template-page content  av-content-full alpha units'><div class='post-entry post-entry-type-page post-entry-95'><div class='entry-content-wrapper clearfix'>\n\n<style type=\"text\/css\" data-created_by=\"avia_inline_auto\" id=\"style-css-av-mlqizpul-8095dca751952a4f77d0c80aa37f69a2\">\n#top .av-special-heading.av-mlqizpul-8095dca751952a4f77d0c80aa37f69a2{\npadding-bottom:10px;\n}\nbody .av-special-heading.av-mlqizpul-8095dca751952a4f77d0c80aa37f69a2 .av-special-heading-tag .heading-char{\nfont-size:25px;\n}\n.av-special-heading.av-mlqizpul-8095dca751952a4f77d0c80aa37f69a2 .av-subheading{\nfont-size:15px;\n}\n<\/style>\n<div  class='av-special-heading av-mlqizpul-8095dca751952a4f77d0c80aa37f69a2 av-special-heading-h1 blockquote modern-quote modern-centered  avia-builder-el-1  el_before_av_hr  avia-builder-el-first '><h1 class='av-special-heading-tag '  itemprop=\"headline\"  >Guides <span class='special_amp'>&amp;<\/span> conseils<\/h1><div class=\"special-heading-border\"><div class=\"special-heading-inner-border\"><\/div><\/div><\/div>\n\n<style type=\"text\/css\" data-created_by=\"avia_inline_auto\" id=\"style-css-av-mlqk4tbk-bd3876fc9b6e8b2ddca58b05aa72ffb3\">\n#top .hr.hr-invisible.av-mlqk4tbk-bd3876fc9b6e8b2ddca58b05aa72ffb3{\nheight:50px;\n}\n<\/style>\n<div  class='hr av-mlqk4tbk-bd3876fc9b6e8b2ddca58b05aa72ffb3 hr-invisible  avia-builder-el-2  el_after_av_heading  el_before_av_masonry_gallery  avia-builder-el-last '><span class='hr-inner '><span class=\"hr-inner-style\"><\/span><\/span><\/div>\n<div id='av-masonry-1' class='av-masonry av-mng2itny-dc3c564964da4264fdf637c3d8f96eb1 noHover av-flex-size av-large-gap av-hover-overlay- av-masonry-animation- av-masonry-col-3 av-caption-always av-caption-style-overlay av-masonry-gallery ' data-post_id=\"95\"><div class=\"av-masonry-container isotope av-js-disabled\"><div class='av-masonry-entry isotope-item av-masonry-item-no-image '><\/div><a href=\"https:\/\/or.limbus-studio.com\/expertises\/famille-patrimoine\/\"  aria-label=\"immagine fond-bleu\"  id='av-masonry-1-item-215' data-av-masonry-item='215' class='av-masonry-entry isotope-item post-215 attachment type-attachment status-inherit hentry  av-masonry-item-with-image' title=\"fond-bleu\" alt=\"\"  data-av-masonry-custom-link=\"https:\/\/or.limbus-studio.com\/expertises\/famille-patrimoine\/\"  itemprop=\"thumbnailUrl\" ><div class='av-inner-masonry-sizer'><\/div><figure class='av-inner-masonry main_color'><div class=\"av-masonry-outerimage-container\"><div class='av-masonry-image-container'  ><img decoding=\"async\" width=\"600\" height=\"600\" fetchpriority=\"high\" class=\"wp-image-215 avia-img-lazy-loading-not-215\"  src=\"https:\/\/or.notaires.fr\/wp-content\/uploads\/2026\/02\/fond-bleu-1.png\" title=\"fond-bleu\" alt=\"\" srcset=\"https:\/\/or.notaires.fr\/wp-content\/uploads\/2026\/02\/fond-bleu-1.png 600w, https:\/\/or.notaires.fr\/wp-content\/uploads\/2026\/02\/fond-bleu-1-300x300.png 300w, https:\/\/or.notaires.fr\/wp-content\/uploads\/2026\/02\/fond-bleu-1-80x80.png 80w, https:\/\/or.notaires.fr\/wp-content\/uploads\/2026\/02\/fond-bleu-1-36x36.png 36w, https:\/\/or.notaires.fr\/wp-content\/uploads\/2026\/02\/fond-bleu-1-180x180.png 180w\" sizes=\"(max-width: 600px) 100vw, 600px\" \/><\/div><\/div><figcaption class='av-inner-masonry-content site-background'><div class='av-inner-masonry-content-pos'><div class='av-inner-masonry-content-pos-content'><div class='avia-arrow'><\/div><div class='av-masonry-entry-content entry-content'  itemprop=\"text\" >R\u00e8glement des successions, partages<\/div><\/div><\/div><\/figcaption><\/figure><\/a><!--end av-masonry entry--><a href=\"https:\/\/or.limbus-studio.com\/expertises\/immobilier\/immobiliers-des-particuliers\/\"  aria-label=\"immagine fond-or\"  id='av-masonry-1-item-216' data-av-masonry-item='216' class='av-masonry-entry isotope-item post-216 attachment type-attachment status-inherit hentry  av-masonry-item-with-image' title=\"fond-or\" alt=\"\"  data-av-masonry-custom-link=\"https:\/\/or.limbus-studio.com\/expertises\/immobilier\/immobiliers-des-particuliers\/\"  itemprop=\"thumbnailUrl\" ><div class='av-inner-masonry-sizer'><\/div><figure class='av-inner-masonry main_color'><div class=\"av-masonry-outerimage-container\"><div class='av-masonry-image-container'  ><img decoding=\"async\" width=\"600\" height=\"600\" fetchpriority=\"high\" class=\"wp-image-216 avia-img-lazy-loading-not-216\"  src=\"https:\/\/or.notaires.fr\/wp-content\/uploads\/2026\/02\/fond-or-1.png\" title=\"fond-or\" alt=\"\" srcset=\"https:\/\/or.notaires.fr\/wp-content\/uploads\/2026\/02\/fond-or-1.png 600w, https:\/\/or.notaires.fr\/wp-content\/uploads\/2026\/02\/fond-or-1-300x300.png 300w, https:\/\/or.notaires.fr\/wp-content\/uploads\/2026\/02\/fond-or-1-80x80.png 80w, https:\/\/or.notaires.fr\/wp-content\/uploads\/2026\/02\/fond-or-1-36x36.png 36w, https:\/\/or.notaires.fr\/wp-content\/uploads\/2026\/02\/fond-or-1-180x180.png 180w\" sizes=\"(max-width: 600px) 100vw, 600px\" \/><\/div><\/div><figcaption class='av-inner-masonry-content site-background'><div class='av-inner-masonry-content-pos'><div class='av-inner-masonry-content-pos-content'><div class='avia-arrow'><\/div><div class='av-masonry-entry-content entry-content'  itemprop=\"text\" >Immobilier : primo-accession<\/div><\/div><\/div><\/figcaption><\/figure><\/a><!--end av-masonry entry--><a href=\"https:\/\/or.limbus-studio.com\/expertises\/immobilier\/immobilier-des-professionnels\/\"  aria-label=\"immagine fond-bleu-1\"  id='av-masonry-1-item-619' data-av-masonry-item='619' class='av-masonry-entry isotope-item post-619 attachment type-attachment status-inherit hentry  av-masonry-item-with-image' title=\"fond-bleu-1\" alt=\"\"  data-av-masonry-custom-link=\"https:\/\/or.limbus-studio.com\/expertises\/immobilier\/immobilier-des-professionnels\/\"  itemprop=\"thumbnailUrl\" ><div class='av-inner-masonry-sizer'><\/div><figure class='av-inner-masonry main_color'><div class=\"av-masonry-outerimage-container\"><div class='av-masonry-image-container'  ><img decoding=\"async\" width=\"600\" height=\"600\" fetchpriority=\"high\" class=\"wp-image-619 avia-img-lazy-loading-not-619\"  src=\"https:\/\/or.notaires.fr\/wp-content\/uploads\/2026\/04\/fond-bleu-1.png\" title=\"fond-bleu-1\" alt=\"\" srcset=\"https:\/\/or.notaires.fr\/wp-content\/uploads\/2026\/04\/fond-bleu-1.png 600w, https:\/\/or.notaires.fr\/wp-content\/uploads\/2026\/04\/fond-bleu-1-300x300.png 300w, https:\/\/or.notaires.fr\/wp-content\/uploads\/2026\/04\/fond-bleu-1-80x80.png 80w, https:\/\/or.notaires.fr\/wp-content\/uploads\/2026\/04\/fond-bleu-1-12x12.png 12w, https:\/\/or.notaires.fr\/wp-content\/uploads\/2026\/04\/fond-bleu-1-36x36.png 36w, https:\/\/or.notaires.fr\/wp-content\/uploads\/2026\/04\/fond-bleu-1-180x180.png 180w\" sizes=\"(max-width: 600px) 100vw, 600px\" \/><\/div><\/div><figcaption class='av-inner-masonry-content site-background'><div class='av-inner-masonry-content-pos'><div class='av-inner-masonry-content-pos-content'><div class='avia-arrow'><\/div><div class='av-masonry-entry-content entry-content'  itemprop=\"text\" >Immobilier professionnel<\/div><\/div><\/div><\/figcaption><\/figure><\/a><!--end av-masonry entry--><a href=\"https:\/\/or.limbus-studio.com\/expertises\/france-italie\/\"  aria-label=\"immagine fond-or-1\"  id='av-masonry-1-item-620' data-av-masonry-item='620' class='av-masonry-entry isotope-item post-620 attachment type-attachment status-inherit hentry  av-masonry-item-with-image' title=\"fond-or-1\" alt=\"\"  data-av-masonry-custom-link=\"https:\/\/or.limbus-studio.com\/expertises\/france-italie\/\"  itemprop=\"thumbnailUrl\" ><div class='av-inner-masonry-sizer'><\/div><figure class='av-inner-masonry main_color'><div class=\"av-masonry-outerimage-container\"><div class='av-masonry-image-container'  ><img decoding=\"async\" width=\"600\" height=\"600\" fetchpriority=\"high\" class=\"wp-image-620 avia-img-lazy-loading-not-620\"  src=\"https:\/\/or.notaires.fr\/wp-content\/uploads\/2026\/04\/fond-or-1.png\" title=\"fond-or-1\" alt=\"\" srcset=\"https:\/\/or.notaires.fr\/wp-content\/uploads\/2026\/04\/fond-or-1.png 600w, https:\/\/or.notaires.fr\/wp-content\/uploads\/2026\/04\/fond-or-1-300x300.png 300w, https:\/\/or.notaires.fr\/wp-content\/uploads\/2026\/04\/fond-or-1-80x80.png 80w, https:\/\/or.notaires.fr\/wp-content\/uploads\/2026\/04\/fond-or-1-12x12.png 12w, https:\/\/or.notaires.fr\/wp-content\/uploads\/2026\/04\/fond-or-1-36x36.png 36w, https:\/\/or.notaires.fr\/wp-content\/uploads\/2026\/04\/fond-or-1-180x180.png 180w\" sizes=\"(max-width: 600px) 100vw, 600px\" \/><\/div><\/div><figcaption class='av-inner-masonry-content site-background'><div class='av-inner-masonry-content-pos'><div class='av-inner-masonry-content-pos-content'><div class='avia-arrow'><\/div><div class='av-masonry-entry-content entry-content'  itemprop=\"text\" >Op\u00e9rations franco-italiennes<\/div><\/div><\/div><\/figcaption><\/figure><\/a><!--end av-masonry entry--><\/div><\/div>\n<div id='av-masonry-2' class='av-masonry av-mlqj0uzr-a3c3217a547cdce79278a3582601ee22 noHover av-fixed-size av-large-gap av-hover-overlay- av-masonry-animation- av-masonry-col-3 av-caption-always av-caption-style-overlay av-masonry-entries av-desktop-hide av-medium-hide av-small-hide av-mini-hide av-orientation-square ' data-post_id=\"95\"><div class='av-masonry-sort main_color av-sort-yes' data-masonry-id='2' ><div class='av-sort-by-term  ' data-av-allowed-sort='[\"famille_sort\",\"france-italie_sort\",\"immobilier_sort\",\"patrimoine_sort\",\"successions_sort\"]' ><a href=\"#\" data-filter=\"all_sort\" class=\"all_sort_button active_sort\"><span class=\"inner_sort_button\"><span>Tutto<\/span><small class=\"avia-term-count\"> 4 <\/small><\/span><\/a><span class='text-sep famille_sort_sep avia_show_sort'>\/<\/span><a href=\"#\" data-filter=\"famille_sort\" class=\"famille_sort_button avia_show_sort\" ><span class=\"inner_sort_button\"><span>Famille<\/span><small class='avia-term-count'> 1 <\/small><\/span><\/a><span class='text-sep france-italie_sort_sep avia_show_sort'>\/<\/span><a href=\"#\" data-filter=\"france-italie_sort\" class=\"france-italie_sort_button avia_show_sort\" ><span class=\"inner_sort_button\"><span>France-Italie<\/span><small class='avia-term-count'> 1 <\/small><\/span><\/a><span class='text-sep immobilier_sort_sep avia_show_sort'>\/<\/span><a href=\"#\" data-filter=\"immobilier_sort\" class=\"immobilier_sort_button avia_show_sort\" ><span class=\"inner_sort_button\"><span>Immobilier<\/span><small class='avia-term-count'> 2 <\/small><\/span><\/a><span class='text-sep patrimoine_sort_sep avia_show_sort'>\/<\/span><a href=\"#\" data-filter=\"patrimoine_sort\" class=\"patrimoine_sort_button avia_show_sort\" ><span class=\"inner_sort_button\"><span>Patrimoine<\/span><small class='avia-term-count'> 1 <\/small><\/span><\/a><span class='text-sep successions_sort_sep avia_show_sort'>\/<\/span><a href=\"#\" data-filter=\"successions_sort\" class=\"successions_sort_button avia_show_sort\" ><span class=\"inner_sort_button\"><span>Successions<\/span><small class='avia-term-count'> 1 <\/small><\/span><\/a><\/div><\/div><div class=\"av-masonry-container isotope av-js-disabled\"><div class='av-masonry-entry isotope-item av-masonry-item-no-image all_sort famille_sort  patrimoine_sort  successions_sort  immobilier_sort  france-italie_sort '><\/div><a href=\"https:\/\/or.notaires.fr\/it\/reception-de-procurations-pour-vendre-ou-acheter-en-italie-alors-que-vous-vivez-en-france-2\/\"  id='av-masonry-2-item-205' data-av-masonry-item='205' class='av-masonry-entry isotope-item post-205 post type-post status-publish format-standard has-post-thumbnail hentry category-famille category-patrimoine category-successions all_sort famille_sort  patrimoine_sort  successions_sort  av-masonry-item-with-image' title=\"fond-bleu\"   itemscope=\"itemscope\" itemtype=\"https:\/\/schema.org\/CreativeWork\" ><div class='av-inner-masonry-sizer'><\/div><figure class='av-inner-masonry main_color'><div class=\"av-masonry-outerimage-container\"><div class='av-masonry-image-container' style=\"background-image: url(https:\/\/or.notaires.fr\/wp-content\/uploads\/2026\/02\/fond-bleu-1.png);\"  title=\"fond-bleu\" ><\/div><\/div><figcaption class='av-inner-masonry-content site-background'><div class='av-inner-masonry-content-pos'><div class='av-inner-masonry-content-pos-content'><div class='avia-arrow'><\/div><h3 class='av-masonry-entry-title entry-title '  itemprop=\"headline\" >R\u00e8glement des successions, partages<\/h3><span class='av-masonry-date meta-color updated'>17 Febbraio 2026<\/span><span class=\"av-masonry-text-sep text-sep-author\">\/<\/span><span class='av-masonry-author meta-color author'><span class='fn'>da limbus<\/span><\/span><\/div><\/div><\/figcaption><\/figure><\/a><!--end av-masonry entry--><a href=\"https:\/\/or.notaires.fr\/it\/financement-prets-hypothecaires-donations-vente-viagere\/\"  id='av-masonry-2-item-201' data-av-masonry-item='201' class='av-masonry-entry isotope-item post-201 post type-post status-publish format-standard has-post-thumbnail hentry category-immobilier all_sort immobilier_sort  av-masonry-item-with-image' title=\"fond-or\"   itemscope=\"itemscope\" itemtype=\"https:\/\/schema.org\/CreativeWork\" ><div class='av-inner-masonry-sizer'><\/div><figure class='av-inner-masonry main_color'><div class=\"av-masonry-outerimage-container\"><div class='av-masonry-image-container' style=\"background-image: url(https:\/\/or.notaires.fr\/wp-content\/uploads\/2026\/02\/fond-or-1.png);\"  title=\"fond-or\" ><\/div><\/div><figcaption class='av-inner-masonry-content site-background'><div class='av-inner-masonry-content-pos'><div class='av-inner-masonry-content-pos-content'><div class='avia-arrow'><\/div><h3 class='av-masonry-entry-title entry-title '  itemprop=\"headline\" >Financement : pr\u00eats hypoth\u00e9caires, donations, vente viag\u00e8re.<\/h3><span class='av-masonry-date meta-color updated'>17 Febbraio 2026<\/span><span class=\"av-masonry-text-sep text-sep-author\">\/<\/span><span class='av-masonry-author meta-color author'><span class='fn'>da limbus<\/span><\/span><\/div><\/div><\/figcaption><\/figure><\/a><!--end av-masonry entry--><a href=\"https:\/\/or.notaires.fr\/it\/immobilier-professionnel-et-dhabitation-promesses-et-ventes-letude-est-particulierement-attentive-a-expliquer-les-conditions-dune-acquisitions-aux-primo-accedants\/\"  id='av-masonry-2-item-198' data-av-masonry-item='198' class='av-masonry-entry isotope-item post-198 post type-post status-publish format-standard has-post-thumbnail hentry category-immobilier all_sort immobilier_sort  av-masonry-item-with-image' title=\"fond-bleu\"   itemscope=\"itemscope\" itemtype=\"https:\/\/schema.org\/CreativeWork\" ><div class='av-inner-masonry-sizer'><\/div><figure class='av-inner-masonry main_color'><div class=\"av-masonry-outerimage-container\"><div class='av-masonry-image-container' style=\"background-image: url(https:\/\/or.notaires.fr\/wp-content\/uploads\/2026\/02\/fond-bleu-1.png);\"  title=\"fond-bleu\" ><\/div><\/div><figcaption class='av-inner-masonry-content site-background'><div class='av-inner-masonry-content-pos'><div class='av-inner-masonry-content-pos-content'><div class='avia-arrow'><\/div><h3 class='av-masonry-entry-title entry-title '  itemprop=\"headline\" >Immobilier professionnel et d\u2019habitation : promesses et ventes. L&rsquo;\u00e9tude est particuli\u00e8rement attentive \u00e0 expliquer les conditions d&rsquo;une acquisitions aux primo-acc\u00e9dants.<\/h3><span class='av-masonry-date meta-color updated'>17 Febbraio 2026<\/span><span class=\"av-masonry-text-sep text-sep-author\">\/<\/span><span class='av-masonry-author meta-color author'><span class='fn'>da limbus<\/span><\/span><\/div><\/div><\/figcaption><\/figure><\/a><!--end av-masonry entry--><a href=\"https:\/\/or.notaires.fr\/it\/reception-de-procurations-pour-vendre-ou-acheter-en-italie-alors-que-vous-vivez-en-france\/\"  id='av-masonry-2-item-195' data-av-masonry-item='195' class='av-masonry-entry isotope-item post-195 post type-post status-publish format-standard has-post-thumbnail hentry category-france-italie all_sort france-italie_sort  av-masonry-item-with-image' title=\"fond-or\"   itemscope=\"itemscope\" itemtype=\"https:\/\/schema.org\/CreativeWork\" ><div class='av-inner-masonry-sizer'><\/div><figure class='av-inner-masonry main_color'><div class=\"av-masonry-outerimage-container\"><div class='av-masonry-image-container' style=\"background-image: url(https:\/\/or.notaires.fr\/wp-content\/uploads\/2026\/02\/fond-or-1.png);\"  title=\"fond-or\" ><\/div><\/div><figcaption class='av-inner-masonry-content site-background'><div class='av-inner-masonry-content-pos'><div class='av-inner-masonry-content-pos-content'><div class='avia-arrow'><\/div><h3 class='av-masonry-entry-title entry-title '  itemprop=\"headline\" >R\u00e9ception de procurations pour vendre ou acheter en Italie alors que vous vivez en France.<\/h3><span class='av-masonry-date meta-color updated'>17 Febbraio 2026<\/span><span class=\"av-masonry-text-sep text-sep-author\">\/<\/span><span class='av-masonry-author meta-color author'><span class='fn'>da limbus<\/span><\/span><\/div><\/div><\/figcaption><\/figure><\/a><!--end av-masonry entry--><\/div><\/div>\n\n","protected":false},"excerpt":{"rendered":"","protected":false},"author":1,"featured_media":0,"parent":0,"menu_order":0,"comment_status":"closed","ping_status":"closed","template":"","meta":{"footnotes":""},"class_list":["post-95","page","type-page","status-publish","hentry"],"_links":{"self":[{"href":"https:\/\/or.notaires.fr\/it\/wp-json\/wp\/v2\/pages\/95","targetHints":{"allow":["GET"]}}],"collection":[{"href":"https:\/\/or.notaires.fr\/it\/wp-json\/wp\/v2\/pages"}],"about":[{"href":"https:\/\/or.notaires.fr\/it\/wp-json\/wp\/v2\/types\/page"}],"author":[{"embeddable":true,"href":"https:\/\/or.notaires.fr\/it\/wp-json\/wp\/v2\/users\/1"}],"replies":[{"embeddable":true,"href":"https:\/\/or.notaires.fr\/it\/wp-json\/wp\/v2\/comments?post=95"}],"version-history":[{"count":15,"href":"https:\/\/or.notaires.fr\/it\/wp-json\/wp\/v2\/pages\/95\/revisions"}],"predecessor-version":[{"id":208,"href":"https:\/\/or.notaires.fr\/it\/wp-json\/wp\/v2\/pages\/95\/revisions\/208"}],"wp:attachment":[{"href":"https:\/\/or.notaires.fr\/it\/wp-json\/wp\/v2\/media?parent=95"}],"curies":[{"name":"wp","href":"https:\/\/api.w.org\/{rel}","templated":true}]}}