{"id":93,"date":"2026-02-16T16:37:43","date_gmt":"2026-02-16T15:37:43","guid":{"rendered":"https:\/\/or.limbus-studio.com\/?page_id=93"},"modified":"2026-03-30T14:27:46","modified_gmt":"2026-03-30T12:27:46","slug":"tarifs","status":"publish","type":"page","link":"https:\/\/or.notaires.fr\/it\/tarifs\/","title":{"rendered":"Prezzi"},"content":{"rendered":"<div id='av_section_1'  class='avia-section av-2oi59-117c159ff1342f7f529da14dce3fb1b0 main_color avia-section-default avia-no-border-styling  avia-builder-el-0  avia-builder-el-no-sibling  avia-bg-style-scroll container_wrap fullsize'  ><div class='container av-section-cont-open' ><main  role=\"main\" itemprop=\"mainContentOfPage\"  class='template-page content  av-content-full alpha units'><div class='post-entry post-entry-type-page post-entry-93'><div class='entry-content-wrapper clearfix'>\n\n<style type=\"text\/css\" data-created_by=\"avia_inline_auto\" id=\"style-css-av-23zn5-4e18c9bc5a0a66273be713f12ddea3db\">\n#top .av-special-heading.av-23zn5-4e18c9bc5a0a66273be713f12ddea3db{\npadding-bottom:10px;\n}\nbody .av-special-heading.av-23zn5-4e18c9bc5a0a66273be713f12ddea3db .av-special-heading-tag .heading-char{\nfont-size:25px;\n}\n.av-special-heading.av-23zn5-4e18c9bc5a0a66273be713f12ddea3db .av-subheading{\nfont-size:15px;\n}\n<\/style>\n<div  class='av-special-heading av-23zn5-4e18c9bc5a0a66273be713f12ddea3db av-special-heading-h1 blockquote modern-quote  avia-builder-el-1  el_before_av_three_fifth  avia-builder-el-first'><h1 class='av-special-heading-tag'  itemprop=\"headline\"  >Tariffe e onorari<\/h1><div class=\"special-heading-border\"><div class=\"special-heading-inner-border\"><\/div><\/div><\/div>\n<div  class='flex_column av-5qmp-b84f82eab2f456c2448219d0c920f731 av_three_fifth  avia-builder-el-2  el_after_av_heading  el_before_av_one_fifth  first flex_column_div'     ><section  class='av_textblock_section av-mm0sycdh-be90ae5d0dbfd82f37fc2ff4b3e43616'   itemscope=\"itemscope\" itemtype=\"https:\/\/schema.org\/CreativeWork\" ><div class='avia_textblock'  itemprop=\"text\" ><p style=\"text-align: left;\"><\/p>\n<p style=\"text-align: left;\">La remunerazione del notaio in Francia<\/p>\n<p style=\"text-align: left;\">In Francia, la remunerazione del notaio comprende:<\/p>\n<ul style=\"text-align: left;\">\n<li>Una parte regolamentata dallo Stato (tariffa) per determinati atti;<\/li>\n<li>eventuale pagamento non tariffario, accordo e comunicazione preventiva.<\/li>\n<\/ul>\n<p style=\"text-align: left;\">Il prezzo del costo \u00e8 distinto dalle tariffe regolamentari e da quelle pagate.<\/p>\n<p style=\"text-align: left;\"><\/p>\n<\/div><\/section><\/div><div  class='flex_column av-2b6a9-45d758ebbf446bea5d3aed517e2813cc av_one_fifth  avia-builder-el-4  el_after_av_three_fifth  el_before_av_one_fifth  flex_column_div'     ><\/div><div  class='flex_column av-14to5-4d663a61f4ee8c6f152b77023dd056d7 av_one_fifth  avia-builder-el-5  el_after_av_one_fifth  el_before_av_hr  flex_column_div'     ><\/div>\n<style type=\"text\/css\" data-created_by=\"avia_inline_auto\" id=\"style-css-av-o5d1-a5a6641eea59a6019279e5b632ab8237\">\n#top .hr.hr-invisible.av-o5d1-a5a6641eea59a6019279e5b632ab8237{\nheight:50px;\n}\n<\/style>\n<div  class='hr av-o5d1-a5a6641eea59a6019279e5b632ab8237 hr-invisible  avia-builder-el-6  el_after_av_one_fifth  el_before_av_buttonrow'><span class='hr-inner'><span class=\"hr-inner-style\"><\/span><\/span><\/div>\n\n<style type=\"text\/css\" data-created_by=\"avia_inline_auto\" id=\"style-css-av-mm0rpsey-672bc23f73cb26361140dd4b9f185759\">\n.avia-buttonrow-wrap.av-mm0rpsey-672bc23f73cb26361140dd4b9f185759 .avia-button{\nfont-size:18px;\npadding:15px 30px 15px 30px;\n}\n<\/style>\n<div  class='avia-buttonrow-wrap av-mm0rpsey-672bc23f73cb26361140dd4b9f185759 avia-buttonrow-left  avia-builder-el-7  el_after_av_hr  el_before_av_hr'>\n\n<style type=\"text\/css\" data-created_by=\"avia_inline_auto\" id=\"style-css-av-mm0rp65g-49b022fd9afc8f9507556816ba1ca182\">\n#top #wrap_all .avia-button.av-mm0rp65g-49b022fd9afc8f9507556816ba1ca182{\nbackground-color:transparent;\nborder-color:#c99e5f;\ncolor:#c99e5f;\nborder-style:solid;\nborder-width:1px 1px 1px 1px;\nborder-radius:0 0 0 0;\ntransition:all 0.4s ease-in-out;\nmargin-bottom:5px;\nmargin-right:5px;\n}\n#top #wrap_all .avia-button.av-mm0rp65g-49b022fd9afc8f9507556816ba1ca182:hover{\nbackground-color:#c99e5f;\ncolor:#ffffff;\ntransition:all 0.4s ease-in-out;\n}\n#top #wrap_all .avia-button.av-mm0rp65g-49b022fd9afc8f9507556816ba1ca182:hover .avia_button_background{\nborder-radius:0 0 0 0;\n}\n#top #wrap_all .avia-button.av-mm0rp65g-49b022fd9afc8f9507556816ba1ca182 .avia-svg-icon svg:first-child{\nfill:#c99e5f;\nstroke:#c99e5f;\n}\n#top #wrap_all .avia-button.av-mm0rp65g-49b022fd9afc8f9507556816ba1ca182:hover .avia-svg-icon svg:first-child{\nfill:#ffffff;\nstroke:#ffffff;\n}\n<\/style>\n<a href='https:\/\/or.limbus-studio.com\/wp-content\/uploads\/2026\/02\/not-tarif-notaires-a4-fiche-articles-web-ep6.pdf'  class='avia-button av-mm0rp65g-49b022fd9afc8f9507556816ba1ca182 avia-icon_select-no avia-size-small'  target=\"_blank\"  rel=\"noopener noreferrer\"  aria-label=\"T\u00e9l\u00e9charger le tarif r\u00e9glement\u00e9 par l\u2019\u00c9tat\"><span class='avia_iconbox_title' >T\u00e9l\u00e9charger le tarif r\u00e9glement\u00e9 par l\u2019\u00c9tat<\/span><\/a>\n<\/div>\n\n<style type=\"text\/css\" data-created_by=\"avia_inline_auto\" id=\"style-css-av-199ut-4fd684829d63000e10c84d3dac69a6ad\">\n#top .hr.hr-invisible.av-199ut-4fd684829d63000e10c84d3dac69a6ad{\nheight:50px;\n}\n<\/style>\n<div  class='hr av-199ut-4fd684829d63000e10c84d3dac69a6ad hr-invisible  avia-builder-el-8  el_after_av_buttonrow  el_before_av_textblock'><span class='hr-inner'><span class=\"hr-inner-style\"><\/span><\/span><\/div>\n<section  class='av_textblock_section av-12p7d-5933d81fe82eeab04f032d9748b8f98b'   itemscope=\"itemscope\" itemtype=\"https:\/\/schema.org\/CreativeWork\" ><div class='avia_textblock'  itemprop=\"text\" ><div class=\"tarif-table-wrap\" tabindex=\"0\" role=\"region\" aria-label=\"Politica dei prezzi - Tariffe e consulenze\">\n<table class=\"tarif-table\">\n<caption>Politica dei prezzi \u2014 Tariffe e consulenze (in vigore dal: 27\/02\/2025)<\/caption>\n<thead>\n<tr>\n<th scope=\"col\">Natura<\/th>\n<th class=\"num\" scope=\"col\">Costo IVA esclusa<\/th>\n<th class=\"num\" scope=\"col\">Prezzo comprensivo di IVA<\/th>\n<\/tr>\n<\/thead>\n<tbody>\n<tr class=\"section\">\n<th colspan=\"3\" scope=\"rowgroup\">Immobiliare<\/th>\n<\/tr>\n<tr>\n<td>Preliminare<\/p>\n<div class=\"note\">(esclusi 125 \u20ac di quota di iscrizione e 50 \u20ac di accantonamento per spese di vendita)<\/div>\n<\/td>\n<td class=\"num\">300 \u20ac<\/td>\n<td class=\"num\">360 \u20ac<\/td>\n<\/tr>\n<tr>\n<td>Revisione di un contratto preliminare redatto da un altro professionista<\/td>\n<td class=\"num\">250 \u20ac<\/td>\n<td class=\"num\">300 \u20ac<\/td>\n<\/tr>\n<tr>\n<td>Revisione di un contratto preliminare redatto da un collega<\/td>\n<td class=\"num\">150 \u20ac<\/td>\n<td class=\"num\">180 \u20ac<\/td>\n<\/tr>\n<tr>\n<td>Procura per scrittura privata per la Francia<\/td>\n<td class=\"num\">50 \u20ac<\/td>\n<td class=\"num\">60 \u20ac<\/td>\n<\/tr>\n<tr>\n<td>Ordine irrevocabile<\/td>\n<td class=\"num\">150 \u20ac<\/td>\n<td class=\"num\">180 \u20ac<\/td>\n<\/tr>\n<tr>\n<td>Mediazione - Fino a 100.000 \u20ac<\/td>\n<td class=\"num\">6.000 \u20ac<\/td>\n<td class=\"num\">7.200 \u20ac<\/td>\n<\/tr>\n<tr>\n<td>Mediazione - Da 100.000 \u20ac a 200.000 \u20ac<\/td>\n<td class=\"num\">9.000 \u20ac<\/td>\n<td class=\"num\">10.800 \u20ac<\/td>\n<\/tr>\n<tr>\n<td>Mediazione - Da 200.000 \u20ac a 350.000 \u20ac<\/td>\n<td class=\"num\">11.500 \u20ac<\/td>\n<td class=\"num\">13.800 \u20ac<\/td>\n<\/tr>\n<tr>\n<td>Mediazione - Da 350.000 \u20ac a 450.000 \u20ac<\/td>\n<td class=\"num\">13.000 \u20ac<\/td>\n<td class=\"num\">15.600 \u20ac<\/td>\n<\/tr>\n<tr>\n<td>Mediazione oltre 450.000 \u20ac: percentuale variabile, con soglia minima garantita<\/p>\n<div class=\"note\">(Esempio: 2,66% IVA escl. \u2192 3,19% IVA incl.; oltre certe soglie la percentuale si modifica)<\/div>\n<\/td>\n<td class=\"num\">2,66%<\/td>\n<td class=\"num\">3,19%<\/td>\n<\/tr>\n<tr>\n<td>Negoziazione \u2014 Oltre \u20ac 800.000<\/p>\n<div class=\"note\">(con un limite minimo di \u20ac 800.000 pari a \u20ac 21.280 IVA esclusa, ovvero \u20ac 25.536 IVA inclusa)<\/div>\n<\/td>\n<td class=\"num\">2,08%<\/td>\n<td class=\"num\">2,50%<\/td>\n<\/tr>\n<tr>\n<td>Costo stimato<\/td>\n<td class=\"num\">150 \u20ac<\/td>\n<td class=\"num\">180 \u20ac<\/td>\n<\/tr>\n<tr>\n<td>Vendita immobiliare interattiva<\/p>\n<div class=\"note\">(aggiungere al prezzo 0,50% IVA esclusa, ovvero 0,60% IVA inclusa)<\/div>\n<\/td>\n<td class=\"num\">+0,50%<\/td>\n<td class=\"num\">+0,60%<\/td>\n<\/tr>\n<tr class=\"section\">\n<th colspan=\"3\" scope=\"rowgroup\">Famiglia e successioni<\/th>\n<\/tr>\n<tr>\n<td>Pagamento di fatture (oltre 5 regolamenti)<\/td>\n<td class=\"num\">50 \u20ac<\/td>\n<td class=\"num\">60 \u20ac<\/td>\n<\/tr>\n<tr>\n<td>Disdetta abbonamento utenze (per abbonamento)<\/td>\n<td class=\"num\">50 \u20ac<\/td>\n<td class=\"num\">60 \u20ac<\/td>\n<\/tr>\n<tr>\n<td>Formalit\u00e0 per lo sblocco di polizze vita<\/p>\n<div class=\"note\">e 0,5% esclusa l&#039;IVA sul capitale versato superiore a \u20ac 100.000<\/div>\n<\/td>\n<td class=\"num\">300 \u20ac<\/td>\n<td class=\"num\">360 \u20ac<\/td>\n<\/tr>\n<tr>\n<td>Testamenti: consulenza per la redazione e la conservazione<\/p>\n<div class=\"note\">(Tariffa minima in base alla complessit\u00e0, esclusa l\u2019iscrizione al registro nazionale di 12,19 \u20ac IVA inclusa) \u2014 a tariffa oraria (minimo 1 ora)<\/div>\n<\/td>\n<td class=\"num\">150 \u20ac<\/td>\n<td class=\"num\">180 \u20ac<\/td>\n<\/tr>\n<tr class=\"section\">\n<th colspan=\"3\" scope=\"rowgroup\">Servizi vari<\/th>\n<\/tr>\n<tr>\n<td>Bonifico verso un conto estero<\/td>\n<td class=\"num\">83,33 \u20ac<\/td>\n<td class=\"num\">100 \u20ac<\/td>\n<\/tr>\n<tr>\n<td>Redazione di un verbale societario<\/td>\n<td class=\"num\">166,66 \u20ac<\/td>\n<td class=\"num\">200 \u20ac<\/td>\n<\/tr>\n<tr>\n<td>Procura per scrittura privata autenticata per l\u2019Italia<\/p>\n<div class=\"note\">(senza apostille o legalizzazione) (+60 \u20ac per ogni firma aggiuntiva oltre la prima)<\/div>\n<\/td>\n<td class=\"num\">150 \u20ac<\/td>\n<td class=\"num\">180 \u20ac<\/td>\n<\/tr>\n<tr>\n<td>Procura notarile bilingue in francese e italiano per l\u2019Italia (atto pubblico)<\/p>\n<div class=\"note\">(Escluso il costo base di circa 75 \u20ac IVA incl. Tariffa: 233,33 \u20ac per un massimo di 4 pagine.\nOltre le 4 pagine: 50 \u20ac IVA escl. (60 \u20ac IVA incl.) per pagina aggiuntiva.)<\/div>\n<\/td>\n<td class=\"num\">233,33 \u20ac<\/td>\n<td class=\"num\">280 \u20ac<\/td>\n<\/tr>\n<tr>\n<td>Redazione di statuti di societ\u00e0 (ad es. SCI) esclusi oneri di pubblicazione su Gazzetta Ufficiale e diritti di cancelleria<\/td>\n<td class=\"num\">1.000 \u20ac<\/td>\n<td class=\"num\">1.200 \u20ac<\/td>\n<\/tr>\n<tr>\n<td>Trasferte<\/p>\n<div class=\"note\">Da concordare nei limiti previsti dal Codice di commercio.<\/div>\n<\/td>\n<td class=\"num\">\u2014<\/td>\n<td class=\"num\">\u2014<\/td>\n<\/tr>\n<\/tbody>\n<\/table>\n<\/div>\n<\/div><\/section>","protected":false},"excerpt":{"rendered":"","protected":false},"author":1,"featured_media":0,"parent":0,"menu_order":0,"comment_status":"closed","ping_status":"closed","template":"","meta":{"footnotes":""},"class_list":["post-93","page","type-page","status-publish","hentry"],"_links":{"self":[{"href":"https:\/\/or.notaires.fr\/it\/wp-json\/wp\/v2\/pages\/93","targetHints":{"allow":["GET"]}}],"collection":[{"href":"https:\/\/or.notaires.fr\/it\/wp-json\/wp\/v2\/pages"}],"about":[{"href":"https:\/\/or.notaires.fr\/it\/wp-json\/wp\/v2\/types\/page"}],"author":[{"embeddable":true,"href":"https:\/\/or.notaires.fr\/it\/wp-json\/wp\/v2\/users\/1"}],"replies":[{"embeddable":true,"href":"https:\/\/or.notaires.fr\/it\/wp-json\/wp\/v2\/comments?post=93"}],"version-history":[{"count":17,"href":"https:\/\/or.notaires.fr\/it\/wp-json\/wp\/v2\/pages\/93\/revisions"}],"predecessor-version":[{"id":600,"href":"https:\/\/or.notaires.fr\/it\/wp-json\/wp\/v2\/pages\/93\/revisions\/600"}],"wp:attachment":[{"href":"https:\/\/or.notaires.fr\/it\/wp-json\/wp\/v2\/media?parent=93"}],"curies":[{"name":"wp","href":"https:\/\/api.w.org\/{rel}","templated":true}]}}