{"id":524,"date":"2026-03-11T14:04:17","date_gmt":"2026-03-11T13:04:17","guid":{"rendered":"https:\/\/or.limbus-studio.com\/?page_id=524"},"modified":"2026-03-11T14:09:51","modified_gmt":"2026-03-11T13:09:51","slug":"regimes-matrimoniaux-franco-italiens","status":"publish","type":"page","link":"https:\/\/or.notaires.fr\/it\/expertises\/france-italie\/regimes-matrimoniaux-franco-italiens\/","title":{"rendered":"Regimi patrimoniali franco-italiani"},"content":{"rendered":"<style type=\"text\/css\" data-created_by=\"avia_inline_auto\" id=\"style-css-av-buryj-d99ac9c5c2b95487fd0a116f3ef8f546\">\n.avia-section.av-buryj-d99ac9c5c2b95487fd0a116f3ef8f546{\nbackground-repeat:repeat;\nbackground-image:url(https:\/\/or.notaires.fr\/wp-content\/uploads\/2026\/02\/motif-or-leger-300x243.png);\nbackground-position:50% 50%;\nbackground-attachment:fixed;\n}\n.avia-section.av-buryj-d99ac9c5c2b95487fd0a116f3ef8f546 .av-section-color-overlay{\nopacity:0.5;\nbackground-color:#ffffff;\n}\n<\/style>\n<div id='av_section_1'  class='avia-section av-buryj-d99ac9c5c2b95487fd0a116f3ef8f546 main_color avia-section-large avia-no-border-styling  avia-builder-el-0  avia-builder-el-no-sibling  avia-bg-style-fixed av-section-color-overlay-active av-minimum-height av-minimum-height-50 av-height-50  container_wrap fullsize'  data-section-bg-repeat='repeat' data-av_minimum_height_pc='50' data-av_min_height_opt='50'><div class=\"av-section-color-overlay-wrap\"><div class=\"av-section-color-overlay\"><\/div><div class='container av-section-cont-open' ><main  role=\"main\" itemprop=\"mainContentOfPage\"  class='template-page content  av-content-full alpha units'><div class='post-entry post-entry-type-page post-entry-524'><div class='entry-content-wrapper clearfix'>\n\n<style type=\"text\/css\" data-created_by=\"avia_inline_auto\" id=\"style-css-av-a7okf-9f845dac73bcb0ec0880e3549de10850\">\n.avia-image-container.av-a7okf-9f845dac73bcb0ec0880e3549de10850 img.avia_image{\nbox-shadow:none;\n}\n.avia-image-container.av-a7okf-9f845dac73bcb0ec0880e3549de10850 .av-image-caption-overlay-center{\ncolor:#ffffff;\n}\n<\/style>\n<div  class='avia-image-container av-a7okf-9f845dac73bcb0ec0880e3549de10850 av-styling- avia-align-center  avia-builder-el-1  el_before_av_heading  avia-builder-el-first'   itemprop=\"image\" itemscope=\"itemscope\" itemtype=\"https:\/\/schema.org\/ImageObject\" ><div class=\"avia-image-container-inner\"><div class=\"avia-image-overlay-wrap\"><img decoding=\"async\" fetchpriority=\"high\" class='wp-image-239 avia-img-lazy-loading-not-239 avia_image' src=\"https:\/\/or.notaires.fr\/wp-content\/uploads\/2026\/02\/picto-france-italie-180x180.png\" alt='' title='picto-france-italie'  height=\"180\" width=\"180\"  itemprop=\"thumbnailUrl\" srcset=\"https:\/\/or.notaires.fr\/wp-content\/uploads\/2026\/02\/picto-france-italie-180x180.png 180w, https:\/\/or.notaires.fr\/wp-content\/uploads\/2026\/02\/picto-france-italie-80x80.png 80w, https:\/\/or.notaires.fr\/wp-content\/uploads\/2026\/02\/picto-france-italie-12x12.png 12w, https:\/\/or.notaires.fr\/wp-content\/uploads\/2026\/02\/picto-france-italie-36x36.png 36w, https:\/\/or.notaires.fr\/wp-content\/uploads\/2026\/02\/picto-france-italie.png 300w\" sizes=\"(max-width: 180px) 100vw, 180px\" \/><\/div><\/div><\/div>\n\n<style type=\"text\/css\" data-created_by=\"avia_inline_auto\" id=\"style-css-av-an7in-7166c033f29d068992cf0314e8483b5c\">\n#top .av-special-heading.av-an7in-7166c033f29d068992cf0314e8483b5c{\nmargin:0 0 0 0;\npadding-bottom:10px;\n}\nbody .av-special-heading.av-an7in-7166c033f29d068992cf0314e8483b5c .av-special-heading-tag .heading-char{\nfont-size:25px;\n}\n#top #wrap_all .av-special-heading.av-an7in-7166c033f29d068992cf0314e8483b5c .av-special-heading-tag{\npadding:0 0 0 0;\n}\n.av-special-heading.av-an7in-7166c033f29d068992cf0314e8483b5c .av-subheading{\nfont-size:15px;\n}\n<\/style>\n<div  class='av-special-heading av-an7in-7166c033f29d068992cf0314e8483b5c av-special-heading-h1 blockquote modern-quote modern-centered  avia-builder-el-2  el_after_av_image  el_before_av_one_fourth'><div class='av-subheading av-subheading_above'><p>Francia \u2013 Italia<\/p>\n<\/div><h1 class='av-special-heading-tag'  itemprop=\"headline\"  >Regimi patrimoniali franco-italiani<\/h1><div class=\"special-heading-border\"><div class=\"special-heading-inner-border\"><\/div><\/div><\/div>\n<div class='flex_column_table av-1zt88-565ef659f38456225857959f64140300 sc-av_one_fourth av-equal-height-column-flextable'>\n<style type=\"text\/css\" data-created_by=\"avia_inline_auto\" id=\"style-css-av-1zt88-565ef659f38456225857959f64140300\">\n.flex_column.av-1zt88-565ef659f38456225857959f64140300{\nwidth:22.75%;\nmargin-left:0;\n}\n#top .flex_column_table.av-equal-height-column-flextable.av-1zt88-565ef659f38456225857959f64140300 .av-flex-placeholder{\nwidth:3%;\n}\n<\/style>\n<div  class='flex_column av-1zt88-565ef659f38456225857959f64140300 av_one_fourth  avia-builder-el-3  el_after_av_heading  el_before_av_one_half  first flex_column_table_cell av-equal-height-column av-align-top'     ><\/div><div class='av-flex-placeholder'><\/div>\n<style type=\"text\/css\" data-created_by=\"avia_inline_auto\" id=\"style-css-av-avj4r-37260ec119a66dc23d31ba21e67c240a\">\n@keyframes av_boxShadowEffect_av-avj4r-37260ec119a66dc23d31ba21e67c240a-column {\n0%   { box-shadow:  0 0 0 0 rgba(32,72,82,0.15); opacity: 1; }\n100% { box-shadow:  0 0 20px 0 rgba(32,72,82,0.15); opacity: 1; }\n}\n.flex_column.av-avj4r-37260ec119a66dc23d31ba21e67c240a{\nwidth:48.5%;\nmargin-left:0;\nbox-shadow: 0 0 20px 0 rgba(32,72,82,0.15);\nborder-width:4px;\nborder-color:#c99e5f;\nborder-style:double;\npadding:50px 50px 50px 50px;\nbackground-color:rgba(255,255,255,0.95);\n}\n#top .flex_column_table.av-equal-height-column-flextable.av-avj4r-37260ec119a66dc23d31ba21e67c240a .av-flex-placeholder{\nwidth:3%;\n}\n<\/style>\n<div  class='flex_column av-avj4r-37260ec119a66dc23d31ba21e67c240a av_one_half  avia-builder-el-4  el_after_av_one_fourth  el_before_av_one_fourth  flex_column_table_cell av-equal-height-column av-align-top shadow-not-animated'     ><section  class='av_textblock_section av-mmm1ttj4-d19ad4388ea7e4922f45c7ff92ae9fef'   itemscope=\"itemscope\" itemtype=\"https:\/\/schema.org\/CreativeWork\" ><div class='avia_textblock'  itemprop=\"text\" ><p>Il diritto matrimoniale e patrimoniale varia da paese a paese. Esistono inoltre norme europee comuni relative alla legge applicabile in situazioni internazionali.<br \/>\nLo studio offre consulenza ai propri clienti franco-italiani, in particolare:<\/p>\n<ul>\n<li>prima del matrimonio: sulla scelta della legge applicabile e, qualora venga scelta la legge francese, sulla redazione del contratto appropriato; ;<\/li>\n<li>durante il matrimonio: sulla qualificazione e sugli effetti del regime applicabile in Francia, in particolare in presenza di beni situati in Francia; ;<\/li>\n<li>In caso di scioglimento del matrimonio (divorzio, separazione, decesso): per gli aspetti regolati dal diritto francese e per la gestione dei beni situati in Francia, avvalendosi, ove necessario, di consulenti operanti in Italia.<\/li>\n<li>Nel caso di un acquisto in Italia, se i clienti sono soggetti alla comunit\u00e0 francese, pu\u00f2 essere opportuno inserire clausole specifiche nell&#039;atto italiano, soprattutto se l&#039;immobile \u00e8 finanziato con fondi provenienti da un&#039;eredit\u00e0 o da una donazione.<\/li>\n<\/ul>\n<\/div><\/section><\/div><div class='av-flex-placeholder'><\/div>\n<style type=\"text\/css\" data-created_by=\"avia_inline_auto\" id=\"style-css-av-y8uay-36cbc1a10a126a8e24100987ad90aac0\">\n.flex_column.av-y8uay-36cbc1a10a126a8e24100987ad90aac0{\nwidth:22.75%;\nmargin-left:0;\n}\n#top .flex_column_table.av-equal-height-column-flextable.av-y8uay-36cbc1a10a126a8e24100987ad90aac0 .av-flex-placeholder{\nwidth:3%;\n}\n<\/style>\n<div  class='flex_column av-y8uay-36cbc1a10a126a8e24100987ad90aac0 av_one_fourth  avia-builder-el-6  el_after_av_one_half  el_before_av_hr  flex_column_table_cell av-equal-height-column av-align-top'     ><\/div><\/div><!--close column table wrapper. Autoclose: 1 -->\n<style type=\"text\/css\" data-created_by=\"avia_inline_auto\" id=\"style-css-av-mm0ueiof-0a551b139b790c1852903acf97d380d0\">\n#top .hr.hr-invisible.av-mm0ueiof-0a551b139b790c1852903acf97d380d0{\nheight:50px;\n}\n<\/style>\n<div  class='hr av-mm0ueiof-0a551b139b790c1852903acf97d380d0 hr-invisible  avia-builder-el-7  el_after_av_one_fourth  avia-builder-el-last'><span class='hr-inner'><span class=\"hr-inner-style\"><\/span><\/span><\/div>","protected":false},"excerpt":{"rendered":"","protected":false},"author":1,"featured_media":0,"parent":255,"menu_order":0,"comment_status":"closed","ping_status":"closed","template":"","meta":{"footnotes":""},"class_list":["post-524","page","type-page","status-publish","hentry"],"_links":{"self":[{"href":"https:\/\/or.notaires.fr\/it\/wp-json\/wp\/v2\/pages\/524","targetHints":{"allow":["GET"]}}],"collection":[{"href":"https:\/\/or.notaires.fr\/it\/wp-json\/wp\/v2\/pages"}],"about":[{"href":"https:\/\/or.notaires.fr\/it\/wp-json\/wp\/v2\/types\/page"}],"author":[{"embeddable":true,"href":"https:\/\/or.notaires.fr\/it\/wp-json\/wp\/v2\/users\/1"}],"replies":[{"embeddable":true,"href":"https:\/\/or.notaires.fr\/it\/wp-json\/wp\/v2\/comments?post=524"}],"version-history":[{"count":3,"href":"https:\/\/or.notaires.fr\/it\/wp-json\/wp\/v2\/pages\/524\/revisions"}],"predecessor-version":[{"id":534,"href":"https:\/\/or.notaires.fr\/it\/wp-json\/wp\/v2\/pages\/524\/revisions\/534"}],"up":[{"embeddable":true,"href":"https:\/\/or.notaires.fr\/it\/wp-json\/wp\/v2\/pages\/255"}],"wp:attachment":[{"href":"https:\/\/or.notaires.fr\/it\/wp-json\/wp\/v2\/media?parent=524"}],"curies":[{"name":"wp","href":"https:\/\/api.w.org\/{rel}","templated":true}]}}