{"id":493,"date":"2026-03-11T12:52:58","date_gmt":"2026-03-11T11:52:58","guid":{"rendered":"https:\/\/or.limbus-studio.com\/?page_id=493"},"modified":"2026-03-30T14:40:05","modified_gmt":"2026-03-30T12:40:05","slug":"immobiliers-des-particuliers","status":"publish","type":"page","link":"https:\/\/or.notaires.fr\/it\/expertises\/immobilier\/immobiliers-des-particuliers\/","title":{"rendered":"Immobili privati"},"content":{"rendered":"<style type=\"text\/css\" data-created_by=\"avia_inline_auto\" id=\"style-css-av-buryj-d99ac9c5c2b95487fd0a116f3ef8f546\">\n.avia-section.av-buryj-d99ac9c5c2b95487fd0a116f3ef8f546{\nbackground-repeat:repeat;\nbackground-image:url(https:\/\/or.notaires.fr\/wp-content\/uploads\/2026\/02\/motif-or-leger-300x243.png);\nbackground-position:50% 50%;\nbackground-attachment:fixed;\n}\n.avia-section.av-buryj-d99ac9c5c2b95487fd0a116f3ef8f546 .av-section-color-overlay{\nopacity:0.5;\nbackground-color:#ffffff;\n}\n<\/style>\n<div id='av_section_1'  class='avia-section av-buryj-d99ac9c5c2b95487fd0a116f3ef8f546 main_color avia-section-large avia-no-border-styling  avia-builder-el-0  avia-builder-el-no-sibling  avia-bg-style-fixed av-section-color-overlay-active av-minimum-height av-minimum-height-50 av-height-50  container_wrap fullsize'  data-section-bg-repeat='repeat' data-av_minimum_height_pc='50' data-av_min_height_opt='50'><div class=\"av-section-color-overlay-wrap\"><div class=\"av-section-color-overlay\"><\/div><div class='container av-section-cont-open' ><main  role=\"main\" itemprop=\"mainContentOfPage\"  class='template-page content  av-content-full alpha units'><div class='post-entry post-entry-type-page post-entry-493'><div class='entry-content-wrapper clearfix'>\n\n<style type=\"text\/css\" data-created_by=\"avia_inline_auto\" id=\"style-css-av-a7okf-6072454a0f41cb1cb0cd6d319d48b272\">\n.avia-image-container.av-a7okf-6072454a0f41cb1cb0cd6d319d48b272 img.avia_image{\nbox-shadow:none;\n}\n.avia-image-container.av-a7okf-6072454a0f41cb1cb0cd6d319d48b272 .av-image-caption-overlay-center{\ncolor:#ffffff;\n}\n<\/style>\n<div  class='avia-image-container av-a7okf-6072454a0f41cb1cb0cd6d319d48b272 av-styling- avia-align-center  avia-builder-el-1  el_before_av_heading  avia-builder-el-first'   itemprop=\"image\" itemscope=\"itemscope\" itemtype=\"https:\/\/schema.org\/ImageObject\" ><div class=\"avia-image-container-inner\"><div class=\"avia-image-overlay-wrap\"><img decoding=\"async\" fetchpriority=\"high\" class='wp-image-241 avia-img-lazy-loading-not-241 avia_image' src=\"https:\/\/or.notaires.fr\/wp-content\/uploads\/2026\/02\/picto-immobilier-180x180.png\" alt='' title='picto-immobiliare'  height=\"180\" width=\"180\"  itemprop=\"thumbnailUrl\" srcset=\"https:\/\/or.notaires.fr\/wp-content\/uploads\/2026\/02\/picto-immobilier-180x180.png 180w, https:\/\/or.notaires.fr\/wp-content\/uploads\/2026\/02\/picto-immobilier-80x80.png 80w, https:\/\/or.notaires.fr\/wp-content\/uploads\/2026\/02\/picto-immobilier-12x12.png 12w, https:\/\/or.notaires.fr\/wp-content\/uploads\/2026\/02\/picto-immobilier-36x36.png 36w, https:\/\/or.notaires.fr\/wp-content\/uploads\/2026\/02\/picto-immobilier.png 300w\" sizes=\"(max-width: 180px) 100vw, 180px\" \/><\/div><\/div><\/div>\n\n<style type=\"text\/css\" data-created_by=\"avia_inline_auto\" id=\"style-css-av-an7in-7166c033f29d068992cf0314e8483b5c\">\n#top .av-special-heading.av-an7in-7166c033f29d068992cf0314e8483b5c{\nmargin:0 0 0 0;\npadding-bottom:10px;\n}\nbody .av-special-heading.av-an7in-7166c033f29d068992cf0314e8483b5c .av-special-heading-tag .heading-char{\nfont-size:25px;\n}\n#top #wrap_all .av-special-heading.av-an7in-7166c033f29d068992cf0314e8483b5c .av-special-heading-tag{\npadding:0 0 0 0;\n}\n.av-special-heading.av-an7in-7166c033f29d068992cf0314e8483b5c .av-subheading{\nfont-size:15px;\n}\n<\/style>\n<div  class='av-special-heading av-an7in-7166c033f29d068992cf0314e8483b5c av-special-heading-h1 blockquote modern-quote modern-centered  avia-builder-el-2  el_after_av_image  el_before_av_hr'><div class='av-subheading av-subheading_above'><p>Immobiliare<\/p>\n<\/div><h1 class='av-special-heading-tag'  itemprop=\"headline\"  >Immobili privati<\/h1><div class=\"special-heading-border\"><div class=\"special-heading-inner-border\"><\/div><\/div><\/div>\n\n<style type=\"text\/css\" data-created_by=\"avia_inline_auto\" id=\"style-css-av-mm0ueiof-0a551b139b790c1852903acf97d380d0\">\n#top .hr.hr-invisible.av-mm0ueiof-0a551b139b790c1852903acf97d380d0{\nheight:50px;\n}\n<\/style>\n<div  class='hr av-mm0ueiof-0a551b139b790c1852903acf97d380d0 hr-invisible  avia-builder-el-3  el_after_av_heading  el_before_av_one_half'><span class='hr-inner'><span class=\"hr-inner-style\"><\/span><\/span><\/div>\n<div class='flex_column_table av-avj4r-ea5b8bcf6351faedac1863011e9f35e3 sc-av_one_half av-equal-height-column-flextable'>\n<style type=\"text\/css\" data-created_by=\"avia_inline_auto\" id=\"style-css-av-avj4r-ea5b8bcf6351faedac1863011e9f35e3\">\n@keyframes av_boxShadowEffect_av-avj4r-ea5b8bcf6351faedac1863011e9f35e3-column {\n0%   { box-shadow:  0 0 0 0 rgba(32,72,82,0.15); opacity: 1; }\n100% { box-shadow:  0 0 20px 0 rgba(32,72,82,0.15); opacity: 1; }\n}\n.flex_column.av-avj4r-ea5b8bcf6351faedac1863011e9f35e3{\nwidth:48.5%;\nmargin-left:0;\nbox-shadow: 0 0 20px 0 rgba(32,72,82,0.15);\nborder-width:4px;\nborder-color:#c99e5f;\nborder-style:double;\npadding:50px 50px 50px 50px;\nbackground-color:rgba(255,255,255,0.95);\n}\n#top .flex_column_table.av-equal-height-column-flextable.av-avj4r-ea5b8bcf6351faedac1863011e9f35e3 .av-flex-placeholder{\nwidth:3%;\n}\n<\/style>\n<div  class='flex_column av-avj4r-ea5b8bcf6351faedac1863011e9f35e3 av_one_half  avia-builder-el-4  el_after_av_hr  el_before_av_one_half  first flex_column_table_cell av-equal-height-column av-align-top shadow-not-animated'     ><p>\n<style type=\"text\/css\" data-created_by=\"avia_inline_auto\" id=\"style-css-av-mm0u75ov-45697d1fb01fbf3b9bf64e151314114a\">\n#top .av-special-heading.av-mm0u75ov-45697d1fb01fbf3b9bf64e151314114a{\nmargin:0 0 0 0;\npadding-bottom:10px;\ncolor:#204852;\n}\nbody .av-special-heading.av-mm0u75ov-45697d1fb01fbf3b9bf64e151314114a .av-special-heading-tag .heading-char{\nfont-size:25px;\n}\n#top #wrap_all .av-special-heading.av-mm0u75ov-45697d1fb01fbf3b9bf64e151314114a .av-special-heading-tag{\npadding:0 0 0 0;\n}\n.av-special-heading.av-mm0u75ov-45697d1fb01fbf3b9bf64e151314114a .special-heading-inner-border{\nborder-color:#204852;\n}\n.av-special-heading.av-mm0u75ov-45697d1fb01fbf3b9bf64e151314114a .av-subheading{\nfont-size:15px;\n}\n<\/style>\n<div  class='av-special-heading av-mm0u75ov-45697d1fb01fbf3b9bf64e151314114a av-special-heading-h3 custom-color-heading blockquote modern-quote  avia-builder-el-5  el_before_av_textblock  avia-builder-el-first'><h3 class='av-special-heading-tag'  itemprop=\"headline\"  >Gestione completa dell&#039;acquisto e della vendita, dal contratto preliminare all&#039;atto definitivo.<\/h3><div class=\"special-heading-border\"><div class=\"special-heading-inner-border\"><\/div><\/div><\/div><br \/>\n<section  class='av_textblock_section av-mm0u7ck4-f8516114c2199df6824b360f269da163'   itemscope=\"itemscope\" itemtype=\"https:\/\/schema.org\/CreativeWork\" ><div class='avia_textblock'  itemprop=\"text\" ><p>La compravendita di un immobile \u00e8 una transazione legalmente vincolante che richiede rigorose misure di sicurezza in ogni fase. OR Notaires vi guider\u00e0 dalla fase di negoziazione alla firma dell&#039;atto definitivo, con una costante attenzione alla chiarezza, al rispetto delle scadenze e alla sicurezza legale.<\/p>\n<p>Situata nel 18\u00b0 arrondissement di Parigi \u2013 Montmartre, l&#039;azienda opera a Parigi e in tutto il paese, occupandosi di ogni tipo di progetto immobiliare: prima casa, investimento a scopo di locazione, propriet\u00e0 in compropriet\u00e0, acquisizione per successione o trasferimento.<\/p>\n<p>Lo studio \u00e8 particolarmente rilevante per:<\/p>\n<ul>\n<li>redazione del contratto preliminare (promessa di vendita, accordo preliminare) e acquisizione delle condizioni necessarie (finanziamento, pianificazione urbanistica, servit\u00f9, diritto di prelazione); ;<\/li>\n<li>Verifica della catena di propriet\u00e0 e analisi dei titoli; ;<\/li>\n<li>il controllo delle diagnosi e della documentazione obbligatorie; ;<\/li>\n<li>coordinamento con gli istituti bancari nell&#039;ambito del finanziamento; ;<\/li>\n<li>la preparazione e la firma dell&#039;atto autentico di vendita o di acquisto; ;<\/li>\n<li>Operazioni che coinvolgono la compropriet\u00e0, l&#039;eredit\u00e0, lo smembramento o l&#039;organizzazione di un particolare patrimonio.<\/li>\n<\/ul>\n<\/div><\/section><\/p><\/div><div class='av-flex-placeholder'><\/div>\n<style type=\"text\/css\" data-created_by=\"avia_inline_auto\" id=\"style-css-av-p6uyg-19b7c071562dd325b7ea79529b7ba05f\">\n@keyframes av_boxShadowEffect_av-p6uyg-19b7c071562dd325b7ea79529b7ba05f-column {\n0%   { box-shadow:  0 0 0 0 rgba(32,72,82,0.15); opacity: 1; }\n100% { box-shadow:  0 0 20px 0 rgba(32,72,82,0.15); opacity: 1; }\n}\n.flex_column.av-p6uyg-19b7c071562dd325b7ea79529b7ba05f{\nwidth:48.5%;\nmargin-left:0;\nbox-shadow: 0 0 20px 0 rgba(32,72,82,0.15);\nborder-width:4px;\nborder-color:#c99e5f;\nborder-style:double;\npadding:50px 50px 50px 50px;\nbackground-color:rgba(255,255,255,0.95);\n}\n#top .flex_column_table.av-equal-height-column-flextable.av-p6uyg-19b7c071562dd325b7ea79529b7ba05f .av-flex-placeholder{\nwidth:3%;\n}\n<\/style>\n<div  class='flex_column av-p6uyg-19b7c071562dd325b7ea79529b7ba05f av_one_half  avia-builder-el-7  el_after_av_one_half  el_before_av_one_full  flex_column_table_cell av-equal-height-column av-align-top shadow-not-animated'     ><p>\n<style type=\"text\/css\" data-created_by=\"avia_inline_auto\" id=\"style-css-av-mm0thfzg-7dce2cf392b99d59b8741c9dcdb0aa29\">\n#top .av-special-heading.av-mm0thfzg-7dce2cf392b99d59b8741c9dcdb0aa29{\nmargin:0 0 0 0;\npadding-bottom:10px;\ncolor:#204852;\n}\nbody .av-special-heading.av-mm0thfzg-7dce2cf392b99d59b8741c9dcdb0aa29 .av-special-heading-tag .heading-char{\nfont-size:25px;\n}\n#top #wrap_all .av-special-heading.av-mm0thfzg-7dce2cf392b99d59b8741c9dcdb0aa29 .av-special-heading-tag{\npadding:0 0 0 0;\n}\n.av-special-heading.av-mm0thfzg-7dce2cf392b99d59b8741c9dcdb0aa29 .special-heading-inner-border{\nborder-color:#204852;\n}\n.av-special-heading.av-mm0thfzg-7dce2cf392b99d59b8741c9dcdb0aa29 .av-subheading{\nfont-size:15px;\n}\n<\/style>\n<div  class='av-special-heading av-mm0thfzg-7dce2cf392b99d59b8741c9dcdb0aa29 av-special-heading-h3 custom-color-heading blockquote modern-quote  avia-builder-el-8  el_before_av_textblock  avia-builder-el-first'><h3 class='av-special-heading-tag'  itemprop=\"headline\"  >acquirente per la prima volta<\/h3><div class=\"special-heading-border\"><div class=\"special-heading-inner-border\"><\/div><\/div><\/div><br \/>\n<section  class='av_textblock_section av-mm0thw2p-c249ada1a61764ebef50eab7479f572b'   itemscope=\"itemscope\" itemtype=\"https:\/\/schema.org\/CreativeWork\" ><div class='avia_textblock'  itemprop=\"text\" ><p>Acquistare la prima casa \u00e8 un traguardo importante. Il nostro ruolo \u00e8 quello di garantire una transazione senza intoppi, chiarire ogni fase e anticipare potenziali problemi, affinch\u00e9 il vostro progetto proceda senza problemi.<\/p>\n<p>Situato nel 18\u00b0 arrondissement di Parigi \u2013 Montmartre, lo studio OR Notaires assiste chi acquista casa per la prima volta a Parigi e in tutto il paese, sia per la prima abitazione che per investimento.<\/p>\n<p>Prima di firmare qualsiasi contratto preliminare, proponiamo un colloquio telefonico (o in videoconferenza) al fine di:<\/p>\n<ul>\n<li>spiegare le fasi dell&#039;acquisto (offerta, contratto preliminare, condizioni, finanziamento, firma); ;<\/li>\n<li>identificare i documenti e le informazioni da raccogliere; ;<\/li>\n<li>Rispondere alle vostre domande (scadenze, costi, compropriet\u00e0, diagnosi, lavori).<\/li>\n<\/ul>\n<p><strong>Finanziamento<\/strong> : assicurata la condizione sospensiva<br \/>\nVi aiutiamo a strutturare un piano di finanziamento coerente e sicuro: contributo personale, sostegno familiare, eventuale donazione, prestito bancario. Prestiamo particolare attenzione alla clausola di vincolo del prestito (importo, durata, tasso di interesse massimo, numero di istituti di credito contattati) per tutelare il vostro impegno ed evitare difficolt\u00e0.<\/p>\n<\/div><\/section><\/p><\/div><\/div><!--close column table wrapper. Autoclose: 1 --><div class='flex_column_table av-mmlywuwk-fe68b13c5bc7d119623aff7d6919d698 sc-av_one_full av-equal-height-column-flextable'>\n<style type=\"text\/css\" data-created_by=\"avia_inline_auto\" id=\"style-css-av-mmlywuwk-fe68b13c5bc7d119623aff7d6919d698\">\n@keyframes av_boxShadowEffect_av-mmlywuwk-fe68b13c5bc7d119623aff7d6919d698-column {\n0%   { box-shadow:  0 0 0 0 rgba(32,72,82,0.15); opacity: 1; }\n100% { box-shadow:  0 0 20px 0 rgba(32,72,82,0.15); opacity: 1; }\n}\n.flex_column.av-mmlywuwk-fe68b13c5bc7d119623aff7d6919d698{\nwidth:100%;\nmargin-left:0;\nbox-shadow: 0 0 20px 0 rgba(32,72,82,0.15);\nborder-width:4px;\nborder-color:#c99e5f;\nborder-style:double;\npadding:50px 50px 50px 50px;\nbackground-color:rgba(255,255,255,0.95);\n}\n#top .flex_column_table.av-equal-height-column-flextable.av-mmlywuwk-fe68b13c5bc7d119623aff7d6919d698 .av-flex-placeholder{\nwidth:0%;\n}\n<\/style>\n<div  class='flex_column av-mmlywuwk-fe68b13c5bc7d119623aff7d6919d698 av_one_full  avia-builder-el-10  el_after_av_one_half  avia-builder-el-last  first flex_column_table_cell av-equal-height-column av-align-top shadow-not-animated  column-top-margin'     ><p>\n<style type=\"text\/css\" data-created_by=\"avia_inline_auto\" id=\"style-css-av-mmlyx4vx-a67457b9b876ee50e765bf2c6f21c3a4\">\n#top .av-special-heading.av-mmlyx4vx-a67457b9b876ee50e765bf2c6f21c3a4{\nmargin:0 0 0 0;\npadding-bottom:10px;\ncolor:#204852;\n}\nbody .av-special-heading.av-mmlyx4vx-a67457b9b876ee50e765bf2c6f21c3a4 .av-special-heading-tag .heading-char{\nfont-size:25px;\n}\n#top #wrap_all .av-special-heading.av-mmlyx4vx-a67457b9b876ee50e765bf2c6f21c3a4 .av-special-heading-tag{\npadding:0 0 0 0;\n}\n.av-special-heading.av-mmlyx4vx-a67457b9b876ee50e765bf2c6f21c3a4 .special-heading-inner-border{\nborder-color:#204852;\n}\n.av-special-heading.av-mmlyx4vx-a67457b9b876ee50e765bf2c6f21c3a4 .av-subheading{\nfont-size:15px;\n}\n<\/style>\n<div  class='av-special-heading av-mmlyx4vx-a67457b9b876ee50e765bf2c6f21c3a4 av-special-heading-h3 custom-color-heading blockquote modern-quote  avia-builder-el-11  el_before_av_buttonrow  avia-builder-el-first'><h3 class='av-special-heading-tag'  itemprop=\"headline\"  >Sei italiano e fai acquisti in Francia<\/h3><div class=\"special-heading-border\"><div class=\"special-heading-inner-border\"><\/div><\/div><\/div><br \/>\n\n<style type=\"text\/css\" data-created_by=\"avia_inline_auto\" id=\"style-css-av-mmlzjcco-f90302d983fe05c195899fe79879877d\">\n.avia-buttonrow-wrap.av-mmlzjcco-f90302d983fe05c195899fe79879877d .avia-button{\nfont-size:18px;\npadding:15px 30px 15px 30px;\n}\n<\/style>\n<div  class='avia-buttonrow-wrap av-mmlzjcco-f90302d983fe05c195899fe79879877d avia-buttonrow-left  avia-builder-el-12  el_after_av_heading  avia-builder-el-last'>\n\n<style type=\"text\/css\" data-created_by=\"avia_inline_auto\" id=\"style-css-av-mmlzjbjo-c873ca107e55c3ace1b687a60ddf8314\">\n#top #wrap_all .avia-button.av-mmlzjbjo-c873ca107e55c3ace1b687a60ddf8314{\nbackground-color:transparent;\nborder-color:#c99e5f;\ncolor:#c99e5f;\nborder-style:solid;\nborder-width:1px 1px 1px 1px;\nborder-radius:0 0 0 0;\ntransition:all 0.4s ease-in-out;\nmargin-bottom:5px;\nmargin-right:5px;\n}\n#top #wrap_all .avia-button.av-mmlzjbjo-c873ca107e55c3ace1b687a60ddf8314:hover{\nbackground-color:#c99e5f;\ncolor:#ffffff;\ntransition:all 0.4s ease-in-out;\n}\n#top #wrap_all .avia-button.av-mmlzjbjo-c873ca107e55c3ace1b687a60ddf8314:hover .avia_button_background{\nborder-radius:0 0 0 0;\n}\n#top #wrap_all .avia-button.av-mmlzjbjo-c873ca107e55c3ace1b687a60ddf8314 .avia-svg-icon svg:first-child{\nfill:#c99e5f;\nstroke:#c99e5f;\n}\n#top #wrap_all .avia-button.av-mmlzjbjo-c873ca107e55c3ace1b687a60ddf8314:hover .avia-svg-icon svg:first-child{\nfill:#ffffff;\nstroke:#ffffff;\n}\n<\/style>\n<a href='https:\/\/or.notaires.fr\/it\/expertises\/france-italie\/'  class='avia-button av-mmlzjbjo-c873ca107e55c3ace1b687a60ddf8314 avia-icon_select-no avia-size-small'   aria-label=\"Francia-Italia\"><span class='avia_iconbox_title' >Francia-Italia<\/span><\/a>\n<\/div><\/p><\/div><\/div><!--close column table wrapper. Autoclose: 1 -->","protected":false},"excerpt":{"rendered":"","protected":false},"author":1,"featured_media":0,"parent":247,"menu_order":0,"comment_status":"closed","ping_status":"closed","template":"","meta":{"footnotes":""},"class_list":["post-493","page","type-page","status-publish","hentry"],"_links":{"self":[{"href":"https:\/\/or.notaires.fr\/it\/wp-json\/wp\/v2\/pages\/493","targetHints":{"allow":["GET"]}}],"collection":[{"href":"https:\/\/or.notaires.fr\/it\/wp-json\/wp\/v2\/pages"}],"about":[{"href":"https:\/\/or.notaires.fr\/it\/wp-json\/wp\/v2\/types\/page"}],"author":[{"embeddable":true,"href":"https:\/\/or.notaires.fr\/it\/wp-json\/wp\/v2\/users\/1"}],"replies":[{"embeddable":true,"href":"https:\/\/or.notaires.fr\/it\/wp-json\/wp\/v2\/comments?post=493"}],"version-history":[{"count":7,"href":"https:\/\/or.notaires.fr\/it\/wp-json\/wp\/v2\/pages\/493\/revisions"}],"predecessor-version":[{"id":606,"href":"https:\/\/or.notaires.fr\/it\/wp-json\/wp\/v2\/pages\/493\/revisions\/606"}],"up":[{"embeddable":true,"href":"https:\/\/or.notaires.fr\/it\/wp-json\/wp\/v2\/pages\/247"}],"wp:attachment":[{"href":"https:\/\/or.notaires.fr\/it\/wp-json\/wp\/v2\/media?parent=493"}],"curies":[{"name":"wp","href":"https:\/\/api.w.org\/{rel}","templated":true}]}}