{"id":484,"date":"2026-03-11T12:38:25","date_gmt":"2026-03-11T11:38:25","guid":{"rendered":"https:\/\/or.limbus-studio.com\/?page_id=484"},"modified":"2026-03-30T14:42:33","modified_gmt":"2026-03-30T12:42:33","slug":"mariage-pacs-et-concubinage","status":"publish","type":"page","link":"https:\/\/or.notaires.fr\/it\/expertises\/famille-patrimoine\/mariage-pacs-et-concubinage\/","title":{"rendered":"Matrimonio, unione civile e convivenza"},"content":{"rendered":"<style type=\"text\/css\" data-created_by=\"avia_inline_auto\" id=\"style-css-av-buryj-d99ac9c5c2b95487fd0a116f3ef8f546\">\n.avia-section.av-buryj-d99ac9c5c2b95487fd0a116f3ef8f546{\nbackground-repeat:repeat;\nbackground-image:url(https:\/\/or.notaires.fr\/wp-content\/uploads\/2026\/02\/motif-or-leger-300x243.png);\nbackground-position:50% 50%;\nbackground-attachment:fixed;\n}\n.avia-section.av-buryj-d99ac9c5c2b95487fd0a116f3ef8f546 .av-section-color-overlay{\nopacity:0.5;\nbackground-color:#ffffff;\n}\n<\/style>\n<div id='av_section_1'  class='avia-section av-buryj-d99ac9c5c2b95487fd0a116f3ef8f546 main_color avia-section-large avia-no-border-styling  avia-builder-el-0  avia-builder-el-no-sibling  avia-bg-style-fixed av-section-color-overlay-active av-minimum-height av-minimum-height-50 av-height-50  container_wrap fullsize'  data-section-bg-repeat='repeat' data-av_minimum_height_pc='50' data-av_min_height_opt='50'><div class=\"av-section-color-overlay-wrap\"><div class=\"av-section-color-overlay\"><\/div><div class='container av-section-cont-open' ><main  role=\"main\" itemprop=\"mainContentOfPage\"  class='template-page content  av-content-full alpha units'><div class='post-entry post-entry-type-page post-entry-484'><div class='entry-content-wrapper clearfix'>\n\n<style type=\"text\/css\" data-created_by=\"avia_inline_auto\" id=\"style-css-av-a7okf-93e3ba783d2982e0d208df6f42080ab9\">\n.avia-image-container.av-a7okf-93e3ba783d2982e0d208df6f42080ab9 img.avia_image{\nbox-shadow:none;\n}\n.avia-image-container.av-a7okf-93e3ba783d2982e0d208df6f42080ab9 .av-image-caption-overlay-center{\ncolor:#ffffff;\n}\n<\/style>\n<div  class='avia-image-container av-a7okf-93e3ba783d2982e0d208df6f42080ab9 av-styling- avia-align-center  avia-builder-el-1  el_before_av_heading  avia-builder-el-first'   itemprop=\"image\" itemscope=\"itemscope\" itemtype=\"https:\/\/schema.org\/ImageObject\" ><div class=\"avia-image-container-inner\"><div class=\"avia-image-overlay-wrap\"><img decoding=\"async\" fetchpriority=\"high\" class='wp-image-240 avia-img-lazy-loading-not-240 avia_image' src=\"https:\/\/or.notaires.fr\/wp-content\/uploads\/2026\/02\/picto-famille-180x180.png\" alt='' title='pittogramma di famiglia'  height=\"180\" width=\"180\"  itemprop=\"thumbnailUrl\" srcset=\"https:\/\/or.notaires.fr\/wp-content\/uploads\/2026\/02\/picto-famille-180x180.png 180w, https:\/\/or.notaires.fr\/wp-content\/uploads\/2026\/02\/picto-famille-80x80.png 80w, https:\/\/or.notaires.fr\/wp-content\/uploads\/2026\/02\/picto-famille-12x12.png 12w, https:\/\/or.notaires.fr\/wp-content\/uploads\/2026\/02\/picto-famille-36x36.png 36w, https:\/\/or.notaires.fr\/wp-content\/uploads\/2026\/02\/picto-famille.png 300w\" sizes=\"(max-width: 180px) 100vw, 180px\" \/><\/div><\/div><\/div>\n\n<style type=\"text\/css\" data-created_by=\"avia_inline_auto\" id=\"style-css-av-an7in-7166c033f29d068992cf0314e8483b5c\">\n#top .av-special-heading.av-an7in-7166c033f29d068992cf0314e8483b5c{\nmargin:0 0 0 0;\npadding-bottom:10px;\n}\nbody .av-special-heading.av-an7in-7166c033f29d068992cf0314e8483b5c .av-special-heading-tag .heading-char{\nfont-size:25px;\n}\n#top #wrap_all .av-special-heading.av-an7in-7166c033f29d068992cf0314e8483b5c .av-special-heading-tag{\npadding:0 0 0 0;\n}\n.av-special-heading.av-an7in-7166c033f29d068992cf0314e8483b5c .av-subheading{\nfont-size:15px;\n}\n<\/style>\n<div  class='av-special-heading av-an7in-7166c033f29d068992cf0314e8483b5c av-special-heading-h1 blockquote modern-quote modern-centered  avia-builder-el-2  el_after_av_image  el_before_av_one_fifth'><div class='av-subheading av-subheading_above'><p>Famille &amp; patrimoine<\/p>\n<\/div><h1 class='av-special-heading-tag'  itemprop=\"headline\"  >Matrimonio, unione civile e convivenza<\/h1><div class=\"special-heading-border\"><div class=\"special-heading-inner-border\"><\/div><\/div><\/div>\n<div class='flex_column_table av-1zt88-565ef659f38456225857959f64140300 sc-av_one_fifth av-equal-height-column-flextable'>\n<style type=\"text\/css\" data-created_by=\"avia_inline_auto\" id=\"style-css-av-1zt88-565ef659f38456225857959f64140300\">\n.flex_column.av-1zt88-565ef659f38456225857959f64140300{\nwidth:17.6%;\nmargin-left:0;\n}\n#top .flex_column_table.av-equal-height-column-flextable.av-1zt88-565ef659f38456225857959f64140300 .av-flex-placeholder{\nwidth:3%;\n}\n<\/style>\n<div  class='flex_column av-1zt88-565ef659f38456225857959f64140300 av_one_fifth  avia-builder-el-3  el_after_av_heading  el_before_av_three_fifth  first flex_column_table_cell av-equal-height-column av-align-top'     ><\/div><div class='av-flex-placeholder'><\/div>\n<style type=\"text\/css\" data-created_by=\"avia_inline_auto\" id=\"style-css-av-10zggi-55a16639e8f05c08ee283dec30f0a751\">\n.flex_column.av-10zggi-55a16639e8f05c08ee283dec30f0a751{\nwidth:58.8%;\nmargin-left:0;\n}\n#top .flex_column_table.av-equal-height-column-flextable.av-10zggi-55a16639e8f05c08ee283dec30f0a751 .av-flex-placeholder{\nwidth:3%;\n}\n<\/style>\n<div  class='flex_column av-10zggi-55a16639e8f05c08ee283dec30f0a751 av_three_fifth  avia-builder-el-4  el_after_av_one_fifth  el_before_av_one_fifth  flex_column_table_cell av-equal-height-column av-align-top'     ><section  class='av_textblock_section av-9birv-cb6031626aaeaacf9ef536a26c8c933c'   itemscope=\"itemscope\" itemtype=\"https:\/\/schema.org\/CreativeWork\" ><div class='avia_textblock'  itemprop=\"text\" ><p>Poich\u00e9 ogni unione \u00e8 unica, la scelta del quadro giuridico \u00e8 fondamentale per tutelare il partner, organizzare il patrimonio e garantire i progetti di vita (acquisto di immobili, attivit\u00e0 professionale, famiglia allargata).<\/p>\n<p>Situato nel 18\u00b0 arrondissement di Parigi \u2013 Montmartre, lo studio OR Notaires assiste le coppie di Parigi e di tutta la Francia nell&#039;individuare la soluzione pi\u00f9 adatta ai loro obiettivi e alla loro situazione.<\/p>\n<\/div><\/section><\/div><div class='av-flex-placeholder'><\/div>\n<style type=\"text\/css\" data-created_by=\"avia_inline_auto\" id=\"style-css-av-y8uay-36cbc1a10a126a8e24100987ad90aac0\">\n.flex_column.av-y8uay-36cbc1a10a126a8e24100987ad90aac0{\nwidth:17.6%;\nmargin-left:0;\n}\n#top .flex_column_table.av-equal-height-column-flextable.av-y8uay-36cbc1a10a126a8e24100987ad90aac0 .av-flex-placeholder{\nwidth:3%;\n}\n<\/style>\n<div  class='flex_column av-y8uay-36cbc1a10a126a8e24100987ad90aac0 av_one_fifth  avia-builder-el-6  el_after_av_three_fifth  el_before_av_hr  flex_column_table_cell av-equal-height-column av-align-top'     ><\/div><\/div><!--close column table wrapper. Autoclose: 1 -->\n<style type=\"text\/css\" data-created_by=\"avia_inline_auto\" id=\"style-css-av-mm0ueiof-0a551b139b790c1852903acf97d380d0\">\n#top .hr.hr-invisible.av-mm0ueiof-0a551b139b790c1852903acf97d380d0{\nheight:50px;\n}\n<\/style>\n<div  class='hr av-mm0ueiof-0a551b139b790c1852903acf97d380d0 hr-invisible  avia-builder-el-7  el_after_av_one_fifth  el_before_av_one_half'><span class='hr-inner'><span class=\"hr-inner-style\"><\/span><\/span><\/div>\n<div class='flex_column_table av-avj4r-ea5b8bcf6351faedac1863011e9f35e3 sc-av_one_half av-equal-height-column-flextable'>\n<style type=\"text\/css\" data-created_by=\"avia_inline_auto\" id=\"style-css-av-avj4r-ea5b8bcf6351faedac1863011e9f35e3\">\n@keyframes av_boxShadowEffect_av-avj4r-ea5b8bcf6351faedac1863011e9f35e3-column {\n0%   { box-shadow:  0 0 0 0 rgba(32,72,82,0.15); opacity: 1; }\n100% { box-shadow:  0 0 20px 0 rgba(32,72,82,0.15); opacity: 1; }\n}\n.flex_column.av-avj4r-ea5b8bcf6351faedac1863011e9f35e3{\nwidth:48.5%;\nmargin-left:0;\nbox-shadow: 0 0 20px 0 rgba(32,72,82,0.15);\nborder-width:4px;\nborder-color:#c99e5f;\nborder-style:double;\npadding:50px 50px 50px 50px;\nbackground-color:rgba(255,255,255,0.95);\n}\n#top .flex_column_table.av-equal-height-column-flextable.av-avj4r-ea5b8bcf6351faedac1863011e9f35e3 .av-flex-placeholder{\nwidth:3%;\n}\n<\/style>\n<div  class='flex_column av-avj4r-ea5b8bcf6351faedac1863011e9f35e3 av_one_half  avia-builder-el-8  el_after_av_hr  el_before_av_one_half  first flex_column_table_cell av-equal-height-column av-align-top shadow-not-animated'     ><p>\n<style type=\"text\/css\" data-created_by=\"avia_inline_auto\" id=\"style-css-av-mm0u75ov-2b4571ff5ab8d7d6abd40257464bf10c\">\n#top .av-special-heading.av-mm0u75ov-2b4571ff5ab8d7d6abd40257464bf10c{\nmargin:0 0 0 0;\npadding-bottom:10px;\ncolor:#204852;\n}\nbody .av-special-heading.av-mm0u75ov-2b4571ff5ab8d7d6abd40257464bf10c .av-special-heading-tag .heading-char{\nfont-size:25px;\n}\n#top #wrap_all .av-special-heading.av-mm0u75ov-2b4571ff5ab8d7d6abd40257464bf10c .av-special-heading-tag{\npadding:0 0 0 0;\n}\n.av-special-heading.av-mm0u75ov-2b4571ff5ab8d7d6abd40257464bf10c .special-heading-inner-border{\nborder-color:#204852;\n}\n.av-special-heading.av-mm0u75ov-2b4571ff5ab8d7d6abd40257464bf10c .av-subheading{\nfont-size:15px;\n}\n<\/style>\n<div  class='av-special-heading av-mm0u75ov-2b4571ff5ab8d7d6abd40257464bf10c av-special-heading-h3 custom-color-heading blockquote modern-quote  avia-builder-el-9  el_before_av_textblock  avia-builder-el-first'><h3 class='av-special-heading-tag'  itemprop=\"headline\"  >Il contratto matrimoniale<\/h3><div class=\"special-heading-border\"><div class=\"special-heading-inner-border\"><\/div><\/div><\/div><br \/>\n<section  class='av_textblock_section av-mm0u7ck4-f8516114c2199df6824b360f269da163'   itemscope=\"itemscope\" itemtype=\"https:\/\/schema.org\/CreativeWork\" ><div class='avia_textblock'  itemprop=\"text\" ><p>Prevedere per proteggersi meglio.<\/p>\n<p>In assenza di un accordo prematrimoniale, i coniugi sono soggetti al regime legale di comunione dei beni acquisiti dopo il matrimonio. Questo regime non \u00e8 sempre adeguato, soprattutto in presenza di:<\/p>\n<ul>\n<li>di un&#039;attivit\u00e0 indipendente o imprenditoriale,<\/li>\n<li>di un patrimonio preesistente significativo,<\/li>\n<li>dei figli nati da un precedente matrimonio.<\/li>\n<\/ul>\n<p>Un contratto matrimoniale consente di regolamentare con precisione i rapporti finanziari tra i coniugi. In particolare, \u00e8 possibile scegliere di:<\/p>\n<ul>\n<li><strong>Separazione della propriet\u00e0<\/strong> Ciascun coniuge conserva la propriet\u00e0 e la gestione dei propri beni, con una maggiore tutela in caso di debiti relativi all&#039;attivit\u00e0 commerciale dell&#039;altro.<\/li>\n<li><strong>Comunit\u00e0 universale<\/strong> : tutti i beni, presenti e futuri, diventano di propriet\u00e0 congiunta; pu\u00f2 essere accompagnata da una clausola che concede la piena propriet\u00e0 al coniuge superstite per rafforzare la tutela del coniuge.<\/li>\n<li><strong>Accessori realizzati su misura<\/strong> clausole adattate agli obiettivi della coppia (protezione, organizzazione, trasmissione).<\/li>\n<li><strong>Modifica del regime matrimoniale<\/strong> Quando la situazione cambia, lo studio vi aiuter\u00e0 ad adattare il piano alle nuove sfide patrimoniali e familiari.<\/li>\n<\/ul>\n<\/div><\/section><\/p><\/div><div class='av-flex-placeholder'><\/div>\n<style type=\"text\/css\" data-created_by=\"avia_inline_auto\" id=\"style-css-av-p6uyg-19b7c071562dd325b7ea79529b7ba05f\">\n@keyframes av_boxShadowEffect_av-p6uyg-19b7c071562dd325b7ea79529b7ba05f-column {\n0%   { box-shadow:  0 0 0 0 rgba(32,72,82,0.15); opacity: 1; }\n100% { box-shadow:  0 0 20px 0 rgba(32,72,82,0.15); opacity: 1; }\n}\n.flex_column.av-p6uyg-19b7c071562dd325b7ea79529b7ba05f{\nwidth:48.5%;\nmargin-left:0;\nbox-shadow: 0 0 20px 0 rgba(32,72,82,0.15);\nborder-width:4px;\nborder-color:#c99e5f;\nborder-style:double;\npadding:50px 50px 50px 50px;\nbackground-color:rgba(255,255,255,0.95);\n}\n#top .flex_column_table.av-equal-height-column-flextable.av-p6uyg-19b7c071562dd325b7ea79529b7ba05f .av-flex-placeholder{\nwidth:3%;\n}\n<\/style>\n<div  class='flex_column av-p6uyg-19b7c071562dd325b7ea79529b7ba05f av_one_half  avia-builder-el-11  el_after_av_one_half  el_before_av_one_half  flex_column_table_cell av-equal-height-column av-align-top shadow-not-animated'     ><p>\n<style type=\"text\/css\" data-created_by=\"avia_inline_auto\" id=\"style-css-av-mm0thfzg-8463bee4cc9020b8bb40f442e68d85a7\">\n#top .av-special-heading.av-mm0thfzg-8463bee4cc9020b8bb40f442e68d85a7{\nmargin:0 0 0 0;\npadding-bottom:10px;\ncolor:#204852;\n}\nbody .av-special-heading.av-mm0thfzg-8463bee4cc9020b8bb40f442e68d85a7 .av-special-heading-tag .heading-char{\nfont-size:25px;\n}\n#top #wrap_all .av-special-heading.av-mm0thfzg-8463bee4cc9020b8bb40f442e68d85a7 .av-special-heading-tag{\npadding:0 0 0 0;\n}\n.av-special-heading.av-mm0thfzg-8463bee4cc9020b8bb40f442e68d85a7 .special-heading-inner-border{\nborder-color:#204852;\n}\n.av-special-heading.av-mm0thfzg-8463bee4cc9020b8bb40f442e68d85a7 .av-subheading{\nfont-size:15px;\n}\n<\/style>\n<div  class='av-special-heading av-mm0thfzg-8463bee4cc9020b8bb40f442e68d85a7 av-special-heading-h3 custom-color-heading blockquote modern-quote  avia-builder-el-12  el_before_av_textblock  avia-builder-el-first'><h3 class='av-special-heading-tag'  itemprop=\"headline\"  >Modifica del regime matrimoniale<\/h3><div class=\"special-heading-border\"><div class=\"special-heading-inner-border\"><\/div><\/div><\/div><br \/>\n<section  class='av_textblock_section av-mm0thw2p-c249ada1a61764ebef50eab7479f572b'   itemscope=\"itemscope\" itemtype=\"https:\/\/schema.org\/CreativeWork\" ><div class='avia_textblock'  itemprop=\"text\" ><p>Nel corso della vita di una coppia, il regime patrimoniale inizialmente stabilito pu\u00f2 diventare inadeguato: avvio o sviluppo di un&#039;attivit\u00e0 imprenditoriale, acquisizione di beni immobili, costruzione di un percorso professionale, cambiamenti nella situazione finanziaria della coppia, ristrutturazione familiare o desiderio di rafforzare la tutela del coniuge. La modifica del regime patrimoniale consente ai coniugi di adeguare i propri beni, tramite atto notarile, ai propri obiettivi attuali, tutelando al contempo gli interessi della famiglia e di terzi. Lo studio analizza la situazione complessiva (patrimonio, debiti, figli, questioni fiscali e successorie) e implementa il regime o gli adeguamenti pi\u00f9 appropriati all&#039;interno di un rigoroso quadro giuridico, prestando particolare attenzione alla coerenza nel lungo termine.<\/p>\n<\/div><\/section><\/p><\/div><\/div><!--close column table wrapper. Autoclose: 1 --><div class='flex_column_table av-mmlywuwk-fe68b13c5bc7d119623aff7d6919d698 sc-av_one_half av-equal-height-column-flextable'>\n<style type=\"text\/css\" data-created_by=\"avia_inline_auto\" id=\"style-css-av-mmlywuwk-fe68b13c5bc7d119623aff7d6919d698\">\n@keyframes av_boxShadowEffect_av-mmlywuwk-fe68b13c5bc7d119623aff7d6919d698-column {\n0%   { box-shadow:  0 0 0 0 rgba(32,72,82,0.15); opacity: 1; }\n100% { box-shadow:  0 0 20px 0 rgba(32,72,82,0.15); opacity: 1; }\n}\n.flex_column.av-mmlywuwk-fe68b13c5bc7d119623aff7d6919d698{\nwidth:48.5%;\nmargin-left:0;\nbox-shadow: 0 0 20px 0 rgba(32,72,82,0.15);\nborder-width:4px;\nborder-color:#c99e5f;\nborder-style:double;\npadding:50px 50px 50px 50px;\nbackground-color:rgba(255,255,255,0.95);\n}\n#top .flex_column_table.av-equal-height-column-flextable.av-mmlywuwk-fe68b13c5bc7d119623aff7d6919d698 .av-flex-placeholder{\nwidth:3%;\n}\n<\/style>\n<div  class='flex_column av-mmlywuwk-fe68b13c5bc7d119623aff7d6919d698 av_one_half  avia-builder-el-14  el_after_av_one_half  el_before_av_one_half  first flex_column_table_cell av-equal-height-column av-align-top shadow-not-animated  column-top-margin'     ><p>\n<style type=\"text\/css\" data-created_by=\"avia_inline_auto\" id=\"style-css-av-mmlyx4vx-806b10e735cdf707bdda0db0983c87c8\">\n#top .av-special-heading.av-mmlyx4vx-806b10e735cdf707bdda0db0983c87c8{\nmargin:0 0 0 0;\npadding-bottom:10px;\ncolor:#204852;\n}\nbody .av-special-heading.av-mmlyx4vx-806b10e735cdf707bdda0db0983c87c8 .av-special-heading-tag .heading-char{\nfont-size:25px;\n}\n#top #wrap_all .av-special-heading.av-mmlyx4vx-806b10e735cdf707bdda0db0983c87c8 .av-special-heading-tag{\npadding:0 0 0 0;\n}\n.av-special-heading.av-mmlyx4vx-806b10e735cdf707bdda0db0983c87c8 .special-heading-inner-border{\nborder-color:#204852;\n}\n.av-special-heading.av-mmlyx4vx-806b10e735cdf707bdda0db0983c87c8 .av-subheading{\nfont-size:15px;\n}\n<\/style>\n<div  class='av-special-heading av-mmlyx4vx-806b10e735cdf707bdda0db0983c87c8 av-special-heading-h3 custom-color-heading blockquote modern-quote  avia-builder-el-15  el_before_av_textblock  avia-builder-el-first'><h3 class='av-special-heading-tag'  itemprop=\"headline\"  >Il PACS<\/h3><div class=\"special-heading-border\"><div class=\"special-heading-inner-border\"><\/div><\/div><\/div><br \/>\n<section  class='av_textblock_section av-mmlyxn8y-b8cc24a3fef25ea67d426ed16fa705ec'   itemscope=\"itemscope\" itemtype=\"https:\/\/schema.org\/CreativeWork\" ><div class='avia_textblock'  itemprop=\"text\" ><p>Definire il quadro normativo, chiarire le conseguenze.<\/p>\n<p>Un accordo di unione civile (PACS) pu\u00f2 essere concluso privatamente e registrato, ma un PACS redatto da un notaio offre maggiore sicurezza:<\/p>\n<ul>\n<li>consulenza personalizzata sulla scelta del regime (separazione dei beni per impostazione predefinita o compropriet\u00e0 convenzionale); ;<\/li>\n<li>documento autentico conservato nel verbale dello studio; ;<\/li>\n<li>Redazione di contratti adattati ai progetti della coppia (acquisto di immobili, ripartizione dei contributi, organizzazione delle spese).<\/li>\n<\/ul>\n<\/div><\/section><\/p><\/div><div class='av-flex-placeholder'><\/div>\n<style type=\"text\/css\" data-created_by=\"avia_inline_auto\" id=\"style-css-av-av_one_half-0d16a61c7a042f20bd567ee5239c3252\">\n@keyframes av_boxShadowEffect_av-av_one_half-0d16a61c7a042f20bd567ee5239c3252-column {\n0%   { box-shadow:  0 0 0 0 rgba(32,72,82,0.15); opacity: 1; }\n100% { box-shadow:  0 0 20px 0 rgba(32,72,82,0.15); opacity: 1; }\n}\n.flex_column.av-av_one_half-0d16a61c7a042f20bd567ee5239c3252{\nwidth:48.5%;\nmargin-left:0;\nbox-shadow: 0 0 20px 0 rgba(32,72,82,0.15);\nborder-width:4px;\nborder-color:#c99e5f;\nborder-style:double;\npadding:50px 50px 50px 50px;\nbackground-color:rgba(255,255,255,0.95);\n}\n#top .flex_column_table.av-equal-height-column-flextable.av-av_one_half-0d16a61c7a042f20bd567ee5239c3252 .av-flex-placeholder{\nwidth:3%;\n}\n<\/style>\n<div  class='flex_column av-av_one_half-0d16a61c7a042f20bd567ee5239c3252 av_one_half  avia-builder-el-17  el_after_av_one_half  avia-builder-el-last  flex_column_table_cell av-equal-height-column av-align-top shadow-not-animated  column-top-margin'     ><p>\n<style type=\"text\/css\" data-created_by=\"avia_inline_auto\" id=\"style-css-av-mmlyxxst-45b877561c1b64450caa78a85f73b96c\">\n#top .av-special-heading.av-mmlyxxst-45b877561c1b64450caa78a85f73b96c{\nmargin:0 0 0 0;\npadding-bottom:10px;\ncolor:#204852;\n}\nbody .av-special-heading.av-mmlyxxst-45b877561c1b64450caa78a85f73b96c .av-special-heading-tag .heading-char{\nfont-size:25px;\n}\n#top #wrap_all .av-special-heading.av-mmlyxxst-45b877561c1b64450caa78a85f73b96c .av-special-heading-tag{\npadding:0 0 0 0;\n}\n.av-special-heading.av-mmlyxxst-45b877561c1b64450caa78a85f73b96c .special-heading-inner-border{\nborder-color:#204852;\n}\n.av-special-heading.av-mmlyxxst-45b877561c1b64450caa78a85f73b96c .av-subheading{\nfont-size:15px;\n}\n<\/style>\n<div  class='av-special-heading av-mmlyxxst-45b877561c1b64450caa78a85f73b96c av-special-heading-h3 custom-color-heading blockquote modern-quote  avia-builder-el-18  el_before_av_textblock  avia-builder-el-first'><h3 class='av-special-heading-tag'  itemprop=\"headline\"  >Convivenza<\/h3><div class=\"special-heading-border\"><div class=\"special-heading-inner-border\"><\/div><\/div><\/div><br \/>\n<section  class='av_textblock_section av-mmlyz502-0c72c4d662daf625d1dd91830f7abf8c'   itemscope=\"itemscope\" itemtype=\"https:\/\/schema.org\/CreativeWork\" ><div class='avia_textblock'  itemprop=\"text\" ><p>Organizza i progetti senza stato automatico.<\/p>\n<p>La convivenza non conferisce automaticamente diritti di propriet\u00e0 tra i partner. Per evitare situazioni di incertezza, lo studio pu\u00f2 essere d&#039;aiuto nell&#039;implementazione di strumenti legali adeguati, tra cui:<\/p>\n<ul>\n<li>accordi di compropriet\u00e0 (organizzazione della propriet\u00e0 e norme di gestione in caso di acquisto congiunto); ;<\/li>\n<li>Riconoscimento dei contributi e organizzazione dei rimborsi; ;<\/li>\n<li>procure e altri accordi necessari in caso di impedimento; ;<\/li>\n<li>Pianificazione successoria, ove pertinente (nel caso in cui il partner convivente non abbia diritti di successione ai sensi di legge).<\/li>\n<\/ul>\n<p>Ogni caso si basa su un&#039;analisi completa: situazione familiare, patrimonio esistente, progetti immobiliari, attivit\u00e0 professionale e obiettivi di tutela e successione. Lo studio garantisce la coerenza delle azioni intraprese nel lungo periodo.<\/p>\n<\/div><\/section><\/p><\/div><\/div><!--close column table wrapper. Autoclose: 1 -->","protected":false},"excerpt":{"rendered":"","protected":false},"author":1,"featured_media":0,"parent":253,"menu_order":0,"comment_status":"closed","ping_status":"closed","template":"","meta":{"footnotes":""},"class_list":["post-484","page","type-page","status-publish","hentry"],"_links":{"self":[{"href":"https:\/\/or.notaires.fr\/it\/wp-json\/wp\/v2\/pages\/484","targetHints":{"allow":["GET"]}}],"collection":[{"href":"https:\/\/or.notaires.fr\/it\/wp-json\/wp\/v2\/pages"}],"about":[{"href":"https:\/\/or.notaires.fr\/it\/wp-json\/wp\/v2\/types\/page"}],"author":[{"embeddable":true,"href":"https:\/\/or.notaires.fr\/it\/wp-json\/wp\/v2\/users\/1"}],"replies":[{"embeddable":true,"href":"https:\/\/or.notaires.fr\/it\/wp-json\/wp\/v2\/comments?post=484"}],"version-history":[{"count":4,"href":"https:\/\/or.notaires.fr\/it\/wp-json\/wp\/v2\/pages\/484\/revisions"}],"predecessor-version":[{"id":611,"href":"https:\/\/or.notaires.fr\/it\/wp-json\/wp\/v2\/pages\/484\/revisions\/611"}],"up":[{"embeddable":true,"href":"https:\/\/or.notaires.fr\/it\/wp-json\/wp\/v2\/pages\/253"}],"wp:attachment":[{"href":"https:\/\/or.notaires.fr\/it\/wp-json\/wp\/v2\/media?parent=484"}],"curies":[{"name":"wp","href":"https:\/\/api.w.org\/{rel}","templated":true}]}}