{"id":456,"date":"2026-02-24T17:23:16","date_gmt":"2026-02-24T16:23:16","guid":{"rendered":"https:\/\/or.limbus-studio.com\/?page_id=456"},"modified":"2026-02-24T17:33:04","modified_gmt":"2026-02-24T16:33:04","slug":"testament-et-volontes-successorales","status":"publish","type":"page","link":"https:\/\/or.notaires.fr\/it\/expertises\/famille-patrimoine\/testament-et-volontes-successorales\/","title":{"rendered":"Testamenti e volont\u00e0 testamentarie"},"content":{"rendered":"<style type=\"text\/css\" data-created_by=\"avia_inline_auto\" id=\"style-css-av-buryj-d99ac9c5c2b95487fd0a116f3ef8f546\">\n.avia-section.av-buryj-d99ac9c5c2b95487fd0a116f3ef8f546{\nbackground-repeat:repeat;\nbackground-image:url(https:\/\/or.notaires.fr\/wp-content\/uploads\/2026\/02\/motif-or-leger-300x243.png);\nbackground-position:50% 50%;\nbackground-attachment:fixed;\n}\n.avia-section.av-buryj-d99ac9c5c2b95487fd0a116f3ef8f546 .av-section-color-overlay{\nopacity:0.5;\nbackground-color:#ffffff;\n}\n<\/style>\n<div id='av_section_1'  class='avia-section av-buryj-d99ac9c5c2b95487fd0a116f3ef8f546 main_color avia-section-large avia-no-border-styling  avia-builder-el-0  avia-builder-el-no-sibling  avia-bg-style-fixed av-section-color-overlay-active av-minimum-height av-minimum-height-50 av-height-50  container_wrap fullsize'  data-section-bg-repeat='repeat' data-av_minimum_height_pc='50' data-av_min_height_opt='50'><div class=\"av-section-color-overlay-wrap\"><div class=\"av-section-color-overlay\"><\/div><div class='container av-section-cont-open' ><main  role=\"main\" itemprop=\"mainContentOfPage\"  class='template-page content  av-content-full alpha units'><div class='post-entry post-entry-type-page post-entry-456'><div class='entry-content-wrapper clearfix'>\n\n<style type=\"text\/css\" data-created_by=\"avia_inline_auto\" id=\"style-css-av-a7okf-93e3ba783d2982e0d208df6f42080ab9\">\n.avia-image-container.av-a7okf-93e3ba783d2982e0d208df6f42080ab9 img.avia_image{\nbox-shadow:none;\n}\n.avia-image-container.av-a7okf-93e3ba783d2982e0d208df6f42080ab9 .av-image-caption-overlay-center{\ncolor:#ffffff;\n}\n<\/style>\n<div  class='avia-image-container av-a7okf-93e3ba783d2982e0d208df6f42080ab9 av-styling- avia-align-center  avia-builder-el-1  el_before_av_heading  avia-builder-el-first'   itemprop=\"image\" itemscope=\"itemscope\" itemtype=\"https:\/\/schema.org\/ImageObject\" ><div class=\"avia-image-container-inner\"><div class=\"avia-image-overlay-wrap\"><img decoding=\"async\" fetchpriority=\"high\" class='wp-image-240 avia-img-lazy-loading-not-240 avia_image' src=\"https:\/\/or.notaires.fr\/wp-content\/uploads\/2026\/02\/picto-famille-180x180.png\" alt='' title='pittogramma di famiglia'  height=\"180\" width=\"180\"  itemprop=\"thumbnailUrl\" srcset=\"https:\/\/or.notaires.fr\/wp-content\/uploads\/2026\/02\/picto-famille-180x180.png 180w, https:\/\/or.notaires.fr\/wp-content\/uploads\/2026\/02\/picto-famille-80x80.png 80w, https:\/\/or.notaires.fr\/wp-content\/uploads\/2026\/02\/picto-famille-12x12.png 12w, https:\/\/or.notaires.fr\/wp-content\/uploads\/2026\/02\/picto-famille-36x36.png 36w, https:\/\/or.notaires.fr\/wp-content\/uploads\/2026\/02\/picto-famille.png 300w\" sizes=\"(max-width: 180px) 100vw, 180px\" \/><\/div><\/div><\/div>\n\n<style type=\"text\/css\" data-created_by=\"avia_inline_auto\" id=\"style-css-av-an7in-7166c033f29d068992cf0314e8483b5c\">\n#top .av-special-heading.av-an7in-7166c033f29d068992cf0314e8483b5c{\nmargin:0 0 0 0;\npadding-bottom:10px;\n}\nbody .av-special-heading.av-an7in-7166c033f29d068992cf0314e8483b5c .av-special-heading-tag .heading-char{\nfont-size:25px;\n}\n#top #wrap_all .av-special-heading.av-an7in-7166c033f29d068992cf0314e8483b5c .av-special-heading-tag{\npadding:0 0 0 0;\n}\n.av-special-heading.av-an7in-7166c033f29d068992cf0314e8483b5c .av-subheading{\nfont-size:15px;\n}\n<\/style>\n<div  class='av-special-heading av-an7in-7166c033f29d068992cf0314e8483b5c av-special-heading-h1 blockquote modern-quote modern-centered  avia-builder-el-2  el_after_av_image  el_before_av_one_half'><div class='av-subheading av-subheading_above'><p>Famille &amp; patrimoine<\/p>\n<\/div><h1 class='av-special-heading-tag'  itemprop=\"headline\"  >Testamenti e volont\u00e0 testamentarie<\/h1><div class=\"special-heading-border\"><div class=\"special-heading-inner-border\"><\/div><\/div><\/div>\n<div class='flex_column_table av-avj4r-ea5b8bcf6351faedac1863011e9f35e3 sc-av_one_half av-equal-height-column-flextable'>\n<style type=\"text\/css\" data-created_by=\"avia_inline_auto\" id=\"style-css-av-avj4r-ea5b8bcf6351faedac1863011e9f35e3\">\n@keyframes av_boxShadowEffect_av-avj4r-ea5b8bcf6351faedac1863011e9f35e3-column {\n0%   { box-shadow:  0 0 0 0 rgba(32,72,82,0.15); opacity: 1; }\n100% { box-shadow:  0 0 20px 0 rgba(32,72,82,0.15); opacity: 1; }\n}\n.flex_column.av-avj4r-ea5b8bcf6351faedac1863011e9f35e3{\nwidth:48.5%;\nmargin-left:0;\nbox-shadow: 0 0 20px 0 rgba(32,72,82,0.15);\nborder-width:4px;\nborder-color:#c99e5f;\nborder-style:double;\npadding:50px 50px 50px 50px;\nbackground-color:rgba(255,255,255,0.95);\n}\n#top .flex_column_table.av-equal-height-column-flextable.av-avj4r-ea5b8bcf6351faedac1863011e9f35e3 .av-flex-placeholder{\nwidth:3%;\n}\n<\/style>\n<div  class='flex_column av-avj4r-ea5b8bcf6351faedac1863011e9f35e3 av_one_half  avia-builder-el-3  el_after_av_heading  el_before_av_one_half  first flex_column_table_cell av-equal-height-column av-align-top shadow-not-animated'     ><p>\n<style type=\"text\/css\" data-created_by=\"avia_inline_auto\" id=\"style-css-av-9x86f-825f70fbf1d3b2bcf643232bf5542bde\">\n#top .av-special-heading.av-9x86f-825f70fbf1d3b2bcf643232bf5542bde{\nmargin:0 0 0 0;\npadding-bottom:10px;\ncolor:#204852;\n}\nbody .av-special-heading.av-9x86f-825f70fbf1d3b2bcf643232bf5542bde .av-special-heading-tag .heading-char{\nfont-size:25px;\n}\n#top #wrap_all .av-special-heading.av-9x86f-825f70fbf1d3b2bcf643232bf5542bde .av-special-heading-tag{\npadding:0 0 0 0;\n}\n.av-special-heading.av-9x86f-825f70fbf1d3b2bcf643232bf5542bde .special-heading-inner-border{\nborder-color:#204852;\n}\n.av-special-heading.av-9x86f-825f70fbf1d3b2bcf643232bf5542bde .av-subheading{\nfont-size:15px;\n}\n<\/style>\n<div  class='av-special-heading av-9x86f-825f70fbf1d3b2bcf643232bf5542bde av-special-heading-h3 custom-color-heading blockquote modern-quote  avia-builder-el-4  el_before_av_textblock  avia-builder-el-first'><h3 class='av-special-heading-tag'  itemprop=\"headline\"  >Pianifica la successione patrimoniale per proteggere i tuoi cari e garantire che le tue volont\u00e0 vengano rispettate.<\/h3><div class=\"special-heading-border\"><div class=\"special-heading-inner-border\"><\/div><\/div><\/div><br \/>\n<section  class='av_textblock_section av-9birv-cb6031626aaeaacf9ef536a26c8c933c'   itemscope=\"itemscope\" itemtype=\"https:\/\/schema.org\/CreativeWork\" ><div class='avia_textblock'  itemprop=\"text\" ><p>Pianificare la propria successione \u00e8 un atto di grande lungimiranza. Un testamento permette di organizzare il trasferimento dei propri beni, tutelare i propri cari e ridurre il rischio di situazioni indesiderate o conflittuali.<\/p>\n<p>Situato nel 18\u00b0 arrondissement di Parigi \u2013 Montmartre, lo studio OR Notaires assiste una clientela di privati e professionisti a Parigi e in tutta la Francia, al fine di garantire la redazione di atti e assicurarne la conformit\u00e0 dal punto di vista civile e fiscale.<\/p>\n<p>Sia che si desideri lasciare in eredit\u00e0 beni immobili, favorire una persona cara, tutelare il proprio partner o organizzare la distribuzione del patrimonio, la redazione di un testamento deve essere frutto di un&#039;accurata analisi legale del proprio patrimonio e della propria situazione familiare.<\/p>\n<\/div><\/section><\/p><\/div><div class='av-flex-placeholder'><\/div>\n<style type=\"text\/css\" data-created_by=\"avia_inline_auto\" id=\"style-css-av-p6uyg-19b7c071562dd325b7ea79529b7ba05f\">\n@keyframes av_boxShadowEffect_av-p6uyg-19b7c071562dd325b7ea79529b7ba05f-column {\n0%   { box-shadow:  0 0 0 0 rgba(32,72,82,0.15); opacity: 1; }\n100% { box-shadow:  0 0 20px 0 rgba(32,72,82,0.15); opacity: 1; }\n}\n.flex_column.av-p6uyg-19b7c071562dd325b7ea79529b7ba05f{\nwidth:48.5%;\nmargin-left:0;\nbox-shadow: 0 0 20px 0 rgba(32,72,82,0.15);\nborder-width:4px;\nborder-color:#c99e5f;\nborder-style:double;\npadding:50px 50px 50px 50px;\nbackground-color:rgba(255,255,255,0.95);\n}\n#top .flex_column_table.av-equal-height-column-flextable.av-p6uyg-19b7c071562dd325b7ea79529b7ba05f .av-flex-placeholder{\nwidth:3%;\n}\n<\/style>\n<div  class='flex_column av-p6uyg-19b7c071562dd325b7ea79529b7ba05f av_one_half  avia-builder-el-6  el_after_av_one_half  el_before_av_one_fourth  flex_column_table_cell av-equal-height-column av-align-top shadow-not-animated'     ><p>\n<style type=\"text\/css\" data-created_by=\"avia_inline_auto\" id=\"style-css-av-mm0thfzg-53d656cccb18421ba06bde426cbc3fea\">\n#top .av-special-heading.av-mm0thfzg-53d656cccb18421ba06bde426cbc3fea{\nmargin:0 0 0 0;\npadding-bottom:10px;\ncolor:#204852;\n}\nbody .av-special-heading.av-mm0thfzg-53d656cccb18421ba06bde426cbc3fea .av-special-heading-tag .heading-char{\nfont-size:25px;\n}\n#top #wrap_all .av-special-heading.av-mm0thfzg-53d656cccb18421ba06bde426cbc3fea .av-special-heading-tag{\npadding:0 0 0 0;\n}\n.av-special-heading.av-mm0thfzg-53d656cccb18421ba06bde426cbc3fea .special-heading-inner-border{\nborder-color:#204852;\n}\n.av-special-heading.av-mm0thfzg-53d656cccb18421ba06bde426cbc3fea .av-subheading{\nfont-size:15px;\n}\n<\/style>\n<div  class='av-special-heading av-mm0thfzg-53d656cccb18421ba06bde426cbc3fea av-special-heading-h3 custom-color-heading blockquote modern-quote  avia-builder-el-7  el_before_av_textblock  avia-builder-el-first'><h3 class='av-special-heading-tag'  itemprop=\"headline\"  >Perch\u00e9 redigere un testamento con l&#039;assistenza di un notaio?<\/h3><div class=\"special-heading-border\"><div class=\"special-heading-inner-border\"><\/div><\/div><\/div><br \/>\n<section  class='av_textblock_section av-mm0thw2p-c249ada1a61764ebef50eab7479f572b'   itemscope=\"itemscope\" itemtype=\"https:\/\/schema.org\/CreativeWork\" ><div class='avia_textblock'  itemprop=\"text\" ><p>Il testamento \u00e8 lo strumento legale che consente di esprimere le proprie volont\u00e0 e, nei limiti previsti dalla legge (successione necessaria), di disporre della distribuzione del proprio patrimonio. In particolare, permette di:<\/p>\n<ul>\n<li>designare i beneficiari e assegnare beni specifici (legati specifici); ;<\/li>\n<li>tutelare un partner PACS (il partner che non ha diritti di successione automatici); ;<\/li>\n<li>includere disposizioni specifiche: oneri, condizioni, esecutore testamentario, divisione della propriet\u00e0 (usufrutto \/ nuda propriet\u00e0), ecc.<\/li>\n<\/ul>\n<p>Lo studio si occupa della redazione e della conservazione del testamento, provvedendo alla sua registrazione nel Registro Centrale dei Testamenti (FCDDV), al fine di facilitarne il reperimento al momento della successione.<\/p>\n<\/div><\/section><\/p><\/div><\/div><!--close column table wrapper. Autoclose: 1 --><div class='flex_column_table av-1zt88-565ef659f38456225857959f64140300 sc-av_one_fourth av-equal-height-column-flextable'>\n<style type=\"text\/css\" data-created_by=\"avia_inline_auto\" id=\"style-css-av-1zt88-565ef659f38456225857959f64140300\">\n.flex_column.av-1zt88-565ef659f38456225857959f64140300{\nwidth:22.75%;\nmargin-left:0;\n}\n#top .flex_column_table.av-equal-height-column-flextable.av-1zt88-565ef659f38456225857959f64140300 .av-flex-placeholder{\nwidth:3%;\n}\n<\/style>\n<div  class='flex_column av-1zt88-565ef659f38456225857959f64140300 av_one_fourth  avia-builder-el-9  el_after_av_one_half  el_before_av_one_half  first flex_column_table_cell av-equal-height-column av-align-top  column-top-margin'     ><\/div><div class='av-flex-placeholder'><\/div>\n<style type=\"text\/css\" data-created_by=\"avia_inline_auto\" id=\"style-css-av-cxhao-37b9d13837a370156eed2f496b242b58\">\n@keyframes av_boxShadowEffect_av-cxhao-37b9d13837a370156eed2f496b242b58-column {\n0%   { box-shadow:  0 0 0 0 rgba(32,72,82,0.15); opacity: 1; }\n100% { box-shadow:  0 0 20px 0 rgba(32,72,82,0.15); opacity: 1; }\n}\n.flex_column.av-cxhao-37b9d13837a370156eed2f496b242b58{\nwidth:48.5%;\nmargin-left:0;\nbox-shadow: 0 0 20px 0 rgba(32,72,82,0.15);\nborder-width:4px;\nborder-color:#c99e5f;\nborder-style:double;\npadding:50px 50px 50px 50px;\nbackground-color:rgba(255,255,255,0.95);\n}\n#top .flex_column_table.av-equal-height-column-flextable.av-cxhao-37b9d13837a370156eed2f496b242b58 .av-flex-placeholder{\nwidth:3%;\n}\n<\/style>\n<div  class='flex_column av-cxhao-37b9d13837a370156eed2f496b242b58 av_one_half  avia-builder-el-10  el_after_av_one_fourth  el_before_av_one_fourth  flex_column_table_cell av-equal-height-column av-align-top shadow-not-animated  column-top-margin'     ><p>\n<style type=\"text\/css\" data-created_by=\"avia_inline_auto\" id=\"style-css-av-mm0ti7qs-df9f8519dd82e625ca36133fbeb4a3de\">\n#top .av-special-heading.av-mm0ti7qs-df9f8519dd82e625ca36133fbeb4a3de{\nmargin:0 0 0 0;\npadding-bottom:10px;\ncolor:#204852;\n}\nbody .av-special-heading.av-mm0ti7qs-df9f8519dd82e625ca36133fbeb4a3de .av-special-heading-tag .heading-char{\nfont-size:25px;\n}\n#top #wrap_all .av-special-heading.av-mm0ti7qs-df9f8519dd82e625ca36133fbeb4a3de .av-special-heading-tag{\npadding:0 0 0 0;\n}\n.av-special-heading.av-mm0ti7qs-df9f8519dd82e625ca36133fbeb4a3de .special-heading-inner-border{\nborder-color:#204852;\n}\n.av-special-heading.av-mm0ti7qs-df9f8519dd82e625ca36133fbeb4a3de .av-subheading{\nfont-size:15px;\n}\n<\/style>\n<div  class='av-special-heading av-mm0ti7qs-df9f8519dd82e625ca36133fbeb4a3de av-special-heading-h3 custom-color-heading blockquote modern-quote  avia-builder-el-11  el_before_av_textblock  avia-builder-el-first'><h3 class='av-special-heading-tag'  itemprop=\"headline\"  >Un dono tra coniugi (un dono al coniuge superstite)<\/h3><div class=\"special-heading-border\"><div class=\"special-heading-inner-border\"><\/div><\/div><\/div><br \/>\n<section  class='av_textblock_section av-mm0tieqv-588f7e3fffcfbe89a1ea09fd6b6bc578'   itemscope=\"itemscope\" itemtype=\"https:\/\/schema.org\/CreativeWork\" ><div class='avia_textblock'  itemprop=\"text\" ><p>Per le coppie sposate, una donazione tra coniugi \u00e8 un meccanismo complementare al testamento. Consente al coniuge superstite di ampliare i propri diritti rispetto a quelli previsti dalla legge, offrendogli opzioni pi\u00f9 ampie (usufrutto, piena propriet\u00e0 di una quota maggiore, una combinazione di usufrutto e piena propriet\u00e0).<\/p>\n<p>Questo strumento \u00e8 particolarmente rilevante in presenza di figli, siano essi comuni o meno, e deve essere coordinato con il regime patrimoniale matrimoniale e con la pianificazione successoria complessiva.<\/p>\n<p>Testamenti e donazioni tra coniugi non sono semplici atti formali: fanno parte di una strategia patrimoniale complessiva, volta a garantire coerenza, sicurezza giuridica e tutela duratura dei propri cari.<\/p>\n<\/div><\/section><\/p><\/div><div class='av-flex-placeholder'><\/div>\n<style type=\"text\/css\" data-created_by=\"avia_inline_auto\" id=\"style-css-av-av_one_fourth-e70dc88c0f1bc2ba964843fa5c49a63a\">\n.flex_column.av-av_one_fourth-e70dc88c0f1bc2ba964843fa5c49a63a{\nwidth:22.75%;\nmargin-left:0;\n}\n#top .flex_column_table.av-equal-height-column-flextable.av-av_one_fourth-e70dc88c0f1bc2ba964843fa5c49a63a .av-flex-placeholder{\nwidth:3%;\n}\n<\/style>\n<div  class='flex_column av-av_one_fourth-e70dc88c0f1bc2ba964843fa5c49a63a av_one_fourth  avia-builder-el-13  el_after_av_one_half  avia-builder-el-last  flex_column_table_cell av-equal-height-column av-align-top  column-top-margin'     ><\/div><\/div><!--close column table wrapper. Autoclose: 1 -->","protected":false},"excerpt":{"rendered":"","protected":false},"author":1,"featured_media":0,"parent":253,"menu_order":0,"comment_status":"closed","ping_status":"closed","template":"","meta":{"footnotes":""},"class_list":["post-456","page","type-page","status-publish","hentry"],"_links":{"self":[{"href":"https:\/\/or.notaires.fr\/it\/wp-json\/wp\/v2\/pages\/456","targetHints":{"allow":["GET"]}}],"collection":[{"href":"https:\/\/or.notaires.fr\/it\/wp-json\/wp\/v2\/pages"}],"about":[{"href":"https:\/\/or.notaires.fr\/it\/wp-json\/wp\/v2\/types\/page"}],"author":[{"embeddable":true,"href":"https:\/\/or.notaires.fr\/it\/wp-json\/wp\/v2\/users\/1"}],"replies":[{"embeddable":true,"href":"https:\/\/or.notaires.fr\/it\/wp-json\/wp\/v2\/comments?post=456"}],"version-history":[{"count":6,"href":"https:\/\/or.notaires.fr\/it\/wp-json\/wp\/v2\/pages\/456\/revisions"}],"predecessor-version":[{"id":462,"href":"https:\/\/or.notaires.fr\/it\/wp-json\/wp\/v2\/pages\/456\/revisions\/462"}],"up":[{"embeddable":true,"href":"https:\/\/or.notaires.fr\/it\/wp-json\/wp\/v2\/pages\/253"}],"wp:attachment":[{"href":"https:\/\/or.notaires.fr\/it\/wp-json\/wp\/v2\/media?parent=456"}],"curies":[{"name":"wp","href":"https:\/\/api.w.org\/{rel}","templated":true}]}}