{"id":253,"date":"2026-02-17T14:37:05","date_gmt":"2026-02-17T13:37:05","guid":{"rendered":"https:\/\/or.limbus-studio.com\/?page_id=253"},"modified":"2026-03-30T14:42:06","modified_gmt":"2026-03-30T12:42:06","slug":"famille-patrimoine","status":"publish","type":"page","link":"https:\/\/or.notaires.fr\/it\/expertises\/famille-patrimoine\/","title":{"rendered":"Famiglia e patrimonio"},"content":{"rendered":"<style type=\"text\/css\" data-created_by=\"avia_inline_auto\" id=\"style-css-av-buryj-d99ac9c5c2b95487fd0a116f3ef8f546\">\n.avia-section.av-buryj-d99ac9c5c2b95487fd0a116f3ef8f546{\nbackground-repeat:repeat;\nbackground-image:url(https:\/\/or.notaires.fr\/wp-content\/uploads\/2026\/02\/motif-or-leger-300x243.png);\nbackground-position:50% 50%;\nbackground-attachment:fixed;\n}\n.avia-section.av-buryj-d99ac9c5c2b95487fd0a116f3ef8f546 .av-section-color-overlay{\nopacity:0.5;\nbackground-color:#ffffff;\n}\n<\/style>\n<div id='av_section_1'  class='avia-section av-buryj-d99ac9c5c2b95487fd0a116f3ef8f546 main_color avia-section-large avia-no-border-styling  avia-builder-el-0  avia-builder-el-no-sibling  avia-bg-style-fixed av-section-color-overlay-active av-minimum-height av-minimum-height-50 av-height-50  container_wrap fullsize'  data-section-bg-repeat='repeat' data-av_minimum_height_pc='50' data-av_min_height_opt='50'><div class=\"av-section-color-overlay-wrap\"><div class=\"av-section-color-overlay\"><\/div><div class='container av-section-cont-open' ><main  role=\"main\" itemprop=\"mainContentOfPage\"  class='template-page content  av-content-full alpha units'><div class='post-entry post-entry-type-page post-entry-253'><div class='entry-content-wrapper clearfix'>\n\n<style type=\"text\/css\" data-created_by=\"avia_inline_auto\" id=\"style-css-av-a7okf-93e3ba783d2982e0d208df6f42080ab9\">\n.avia-image-container.av-a7okf-93e3ba783d2982e0d208df6f42080ab9 img.avia_image{\nbox-shadow:none;\n}\n.avia-image-container.av-a7okf-93e3ba783d2982e0d208df6f42080ab9 .av-image-caption-overlay-center{\ncolor:#ffffff;\n}\n<\/style>\n<div  class='avia-image-container av-a7okf-93e3ba783d2982e0d208df6f42080ab9 av-styling- avia-align-center  avia-builder-el-1  el_before_av_heading  avia-builder-el-first'   itemprop=\"image\" itemscope=\"itemscope\" itemtype=\"https:\/\/schema.org\/ImageObject\" ><div class=\"avia-image-container-inner\"><div class=\"avia-image-overlay-wrap\"><img decoding=\"async\" fetchpriority=\"high\" class='wp-image-240 avia-img-lazy-loading-not-240 avia_image' src=\"https:\/\/or.notaires.fr\/wp-content\/uploads\/2026\/02\/picto-famille-180x180.png\" alt='' title='pittogramma di famiglia'  height=\"180\" width=\"180\"  itemprop=\"thumbnailUrl\" srcset=\"https:\/\/or.notaires.fr\/wp-content\/uploads\/2026\/02\/picto-famille-180x180.png 180w, https:\/\/or.notaires.fr\/wp-content\/uploads\/2026\/02\/picto-famille-80x80.png 80w, https:\/\/or.notaires.fr\/wp-content\/uploads\/2026\/02\/picto-famille-12x12.png 12w, https:\/\/or.notaires.fr\/wp-content\/uploads\/2026\/02\/picto-famille-36x36.png 36w, https:\/\/or.notaires.fr\/wp-content\/uploads\/2026\/02\/picto-famille.png 300w\" sizes=\"(max-width: 180px) 100vw, 180px\" \/><\/div><\/div><\/div>\n\n<style type=\"text\/css\" data-created_by=\"avia_inline_auto\" id=\"style-css-av-an7in-7166c033f29d068992cf0314e8483b5c\">\n#top .av-special-heading.av-an7in-7166c033f29d068992cf0314e8483b5c{\nmargin:0 0 0 0;\npadding-bottom:10px;\n}\nbody .av-special-heading.av-an7in-7166c033f29d068992cf0314e8483b5c .av-special-heading-tag .heading-char{\nfont-size:25px;\n}\n#top #wrap_all .av-special-heading.av-an7in-7166c033f29d068992cf0314e8483b5c .av-special-heading-tag{\npadding:0 0 0 0;\n}\n.av-special-heading.av-an7in-7166c033f29d068992cf0314e8483b5c .av-subheading{\nfont-size:15px;\n}\n<\/style>\n<div  class='av-special-heading av-an7in-7166c033f29d068992cf0314e8483b5c av-special-heading-h1 blockquote modern-quote modern-centered  avia-builder-el-2  el_after_av_image  el_before_av_one_fifth'><div class='av-subheading av-subheading_above'><p>Competenze<\/p>\n<\/div><h1 class='av-special-heading-tag'  itemprop=\"headline\"  >Famiglia <span class='special_amp'>e<\/span> patrimonio<\/h1><div class=\"special-heading-border\"><div class=\"special-heading-inner-border\"><\/div><\/div><\/div>\n<div  class='flex_column av-pw9x9-a9affbecc8586041f93ce6fdf416b1a1 av_one_fifth  avia-builder-el-3  el_after_av_heading  el_before_av_three_fifth  first flex_column_div'     ><\/div><div  class='flex_column av-n8ej9-3f3d30aec7d341d9cb03d1d5b40ae6c7 av_three_fifth  avia-builder-el-4  el_after_av_one_fifth  el_before_av_one_fifth  flex_column_div'     ><section  class='av_textblock_section av-jicwv-8614ca4293fbc9c5ee2de9f3181190cc'   itemscope=\"itemscope\" itemtype=\"https:\/\/schema.org\/CreativeWork\" ><div class='avia_textblock'  itemprop=\"text\" ><p style=\"text-align: center;\">Il diritto di famiglia e il diritto patrimoniale disciplinano le principali fasi della vita: il matrimonio, l&#039;organizzazione della coppia, la nascita dei figli, l&#039;eredit\u00e0, la tutela del coniuge e la pianificazione patrimoniale.<\/p>\n<p style=\"text-align: center;\">Lo studio interviene in ogni momento chiave per fornire un quadro giuridico rigoroso alle decisioni prese, per garantirne la coerenza patrimoniale e per controllarne le conseguenze civili e fiscali.<\/p>\n<\/div><\/section><\/div><div  class='flex_column av-h9wb9-c01a71998f8bd828cace3a24074eb592 av_one_fifth  avia-builder-el-6  el_after_av_three_fifth  el_before_av_one_half  flex_column_div'     ><\/div><div class='flex_column_table av-avj4r-ea5b8bcf6351faedac1863011e9f35e3 sc-av_one_half av-equal-height-column-flextable'>\n<style type=\"text\/css\" data-created_by=\"avia_inline_auto\" id=\"style-css-av-avj4r-ea5b8bcf6351faedac1863011e9f35e3\">\n@keyframes av_boxShadowEffect_av-avj4r-ea5b8bcf6351faedac1863011e9f35e3-column {\n0%   { box-shadow:  0 0 0 0 rgba(32,72,82,0.15); opacity: 1; }\n100% { box-shadow:  0 0 20px 0 rgba(32,72,82,0.15); opacity: 1; }\n}\n.flex_column.av-avj4r-ea5b8bcf6351faedac1863011e9f35e3{\nwidth:48.5%;\nmargin-left:0;\nbox-shadow: 0 0 20px 0 rgba(32,72,82,0.15);\nborder-width:4px;\nborder-color:#c99e5f;\nborder-style:double;\npadding:50px 50px 50px 50px;\nbackground-color:rgba(255,255,255,0.95);\n}\n#top .flex_column_table.av-equal-height-column-flextable.av-avj4r-ea5b8bcf6351faedac1863011e9f35e3 .av-flex-placeholder{\nwidth:3%;\n}\n<\/style>\n<div  class='flex_column av-avj4r-ea5b8bcf6351faedac1863011e9f35e3 av_one_half  avia-builder-el-7  el_after_av_one_fifth  el_before_av_one_half  first flex_column_table_cell av-equal-height-column av-align-top shadow-not-animated  column-top-margin'     ><p>\n<style type=\"text\/css\" data-created_by=\"avia_inline_auto\" id=\"style-css-av-9x86f-d9534986325f2648bf58a523606bef48\">\n#top .av-special-heading.av-9x86f-d9534986325f2648bf58a523606bef48{\nmargin:0 0 0 0;\npadding-bottom:10px;\ncolor:#204852;\n}\nbody .av-special-heading.av-9x86f-d9534986325f2648bf58a523606bef48 .av-special-heading-tag .heading-char{\nfont-size:25px;\n}\n#top #wrap_all .av-special-heading.av-9x86f-d9534986325f2648bf58a523606bef48 .av-special-heading-tag{\npadding:0 0 0 0;\n}\n.av-special-heading.av-9x86f-d9534986325f2648bf58a523606bef48 .special-heading-inner-border{\nborder-color:#204852;\n}\n.av-special-heading.av-9x86f-d9534986325f2648bf58a523606bef48 .av-subheading{\nfont-size:15px;\n}\n<\/style>\n<div  class='av-special-heading av-9x86f-d9534986325f2648bf58a523606bef48 av-special-heading-h3 custom-color-heading blockquote modern-quote  avia-builder-el-8  el_before_av_textblock  avia-builder-el-first'><h3 class='av-special-heading-tag'  itemprop=\"headline\"  >Donazioni e trasferimento del patrimonio<\/h3><div class=\"special-heading-border\"><div class=\"special-heading-inner-border\"><\/div><\/div><\/div><br \/>\n<section  class='av_textblock_section av-9birv-cb6031626aaeaacf9ef536a26c8c933c'   itemscope=\"itemscope\" itemtype=\"https:\/\/schema.org\/CreativeWork\" ><div class='avia_textblock'  itemprop=\"text\" ><p>Prevedere, proteggere e trasferire i beni all&#039;interno di un quadro giuridico e fiscale controllato.<\/p>\n<p>La donazione \u00e8 uno strumento fondamentale per organizzare il trasferimento dei propri beni durante la vita. Essa assolve a tre scopi essenziali:<\/p>\n<ul>\n<li>per proteggere i propri cari,<\/li>\n<li>per prevenire controversie ereditarie,<\/li>\n<li>Ottimizzare la tassazione nel rispetto delle normative vigenti.<\/li>\n<\/ul>\n<\/div><\/section><br \/>\n\n<style type=\"text\/css\" data-created_by=\"avia_inline_auto\" id=\"style-css-av-mm0tpmqw-c9e75d68b907fff7539acfa5fd7ab3bb\">\n.avia-buttonrow-wrap.av-mm0tpmqw-c9e75d68b907fff7539acfa5fd7ab3bb .avia-button{\nfont-size:18px;\npadding:15px 30px 15px 30px;\n}\n<\/style>\n<div  class='avia-buttonrow-wrap av-mm0tpmqw-c9e75d68b907fff7539acfa5fd7ab3bb avia-buttonrow-left  avia-builder-el-10  el_after_av_textblock  avia-builder-el-last'>\n\n<style type=\"text\/css\" data-created_by=\"avia_inline_auto\" id=\"style-css-av-mm0tplaq-f89bc4cbc40fc62409abc36d8c9f2ba0\">\n#top #wrap_all .avia-button.av-mm0tplaq-f89bc4cbc40fc62409abc36d8c9f2ba0{\nbackground-color:transparent;\nborder-color:#c99e5f;\ncolor:#c99e5f;\nborder-style:solid;\nborder-width:1px 1px 1px 1px;\nborder-radius:0 0 0 0;\ntransition:all 0.4s ease-in-out;\nmargin-bottom:5px;\nmargin-right:5px;\n}\n#top #wrap_all .avia-button.av-mm0tplaq-f89bc4cbc40fc62409abc36d8c9f2ba0:hover{\nbackground-color:#c99e5f;\ncolor:#ffffff;\ntransition:all 0.4s ease-in-out;\n}\n#top #wrap_all .avia-button.av-mm0tplaq-f89bc4cbc40fc62409abc36d8c9f2ba0:hover .avia_button_background{\nborder-radius:0 0 0 0;\n}\n#top #wrap_all .avia-button.av-mm0tplaq-f89bc4cbc40fc62409abc36d8c9f2ba0 .avia-svg-icon svg:first-child{\nfill:#c99e5f;\nstroke:#c99e5f;\n}\n#top #wrap_all .avia-button.av-mm0tplaq-f89bc4cbc40fc62409abc36d8c9f2ba0:hover .avia-svg-icon svg:first-child{\nfill:#ffffff;\nstroke:#ffffff;\n}\n<\/style>\n<a href='https:\/\/or.notaires.fr\/it\/expertises\/famille-patrimoine\/donation-et-transmission-de-patrimoine\/'  class='avia-button av-mm0tplaq-f89bc4cbc40fc62409abc36d8c9f2ba0 avia-icon_select-no avia-size-small'   aria-label=\"Saperne di pi\u00f9\"><span class='avia_iconbox_title' >Saperne di pi\u00f9<\/span><\/a>\n<\/div><\/p><\/div><div class='av-flex-placeholder'><\/div>\n<style type=\"text\/css\" data-created_by=\"avia_inline_auto\" id=\"style-css-av-rxgy7-b3a7155a455ed094cfbb560ec90b0c75\">\n@keyframes av_boxShadowEffect_av-rxgy7-b3a7155a455ed094cfbb560ec90b0c75-column {\n0%   { box-shadow:  0 0 0 0 rgba(32,72,82,0.15); opacity: 1; }\n100% { box-shadow:  0 0 20px 0 rgba(32,72,82,0.15); opacity: 1; }\n}\n.flex_column.av-rxgy7-b3a7155a455ed094cfbb560ec90b0c75{\nwidth:48.5%;\nmargin-left:0;\nbox-shadow: 0 0 20px 0 rgba(32,72,82,0.15);\nborder-width:4px;\nborder-color:#c99e5f;\nborder-style:double;\npadding:50px 50px 50px 50px;\nbackground-color:rgba(255,255,255,0.95);\n}\n#top .flex_column_table.av-equal-height-column-flextable.av-rxgy7-b3a7155a455ed094cfbb560ec90b0c75 .av-flex-placeholder{\nwidth:3%;\n}\n<\/style>\n<div  class='flex_column av-rxgy7-b3a7155a455ed094cfbb560ec90b0c75 av_one_half  avia-builder-el-11  el_after_av_one_half  el_before_av_one_half  flex_column_table_cell av-equal-height-column av-align-top shadow-not-animated  column-top-margin'     ><p>\n<style type=\"text\/css\" data-created_by=\"avia_inline_auto\" id=\"style-css-av-mlqn7u12-d72f64ebf3128ebba48603859cc6768f\">\n#top .av-special-heading.av-mlqn7u12-d72f64ebf3128ebba48603859cc6768f{\nmargin:0 0 0 0;\npadding-bottom:10px;\ncolor:#204852;\n}\nbody .av-special-heading.av-mlqn7u12-d72f64ebf3128ebba48603859cc6768f .av-special-heading-tag .heading-char{\nfont-size:25px;\n}\n#top #wrap_all .av-special-heading.av-mlqn7u12-d72f64ebf3128ebba48603859cc6768f .av-special-heading-tag{\npadding:0 0 0 0;\n}\n.av-special-heading.av-mlqn7u12-d72f64ebf3128ebba48603859cc6768f .special-heading-inner-border{\nborder-color:#204852;\n}\n.av-special-heading.av-mlqn7u12-d72f64ebf3128ebba48603859cc6768f .av-subheading{\nfont-size:15px;\n}\n<\/style>\n<div  class='av-special-heading av-mlqn7u12-d72f64ebf3128ebba48603859cc6768f av-special-heading-h3 custom-color-heading blockquote modern-quote  avia-builder-el-12  el_before_av_textblock  avia-builder-el-first'><h3 class='av-special-heading-tag'  itemprop=\"headline\"  >Testamenti e volont\u00e0 testamentarie<\/h3><div class=\"special-heading-border\"><div class=\"special-heading-inner-border\"><\/div><\/div><\/div><br \/>\n<section  class='av_textblock_section av-91k3p-a93ed075c96f115f78eefff68ef5d3d5'   itemscope=\"itemscope\" itemtype=\"https:\/\/schema.org\/CreativeWork\" ><div class='avia_textblock'  itemprop=\"text\" ><p>Pianifica la successione patrimoniale per proteggere i tuoi cari e garantire che le tue volont\u00e0 vengano rispettate.<\/p>\n<p>Pianificare la propria successione \u00e8 un atto di grande lungimiranza. Un testamento permette di organizzare il trasferimento dei propri beni, tutelare i propri cari e ridurre il rischio di situazioni indesiderate o conflittuali.<\/p>\n<\/div><\/section><br \/>\n\n<style type=\"text\/css\" data-created_by=\"avia_inline_auto\" id=\"style-css-av-gtxgt-b1c1770f639333500685c7923161d2bb\">\n.avia-buttonrow-wrap.av-gtxgt-b1c1770f639333500685c7923161d2bb .avia-button{\nfont-size:18px;\npadding:15px 30px 15px 30px;\n}\n<\/style>\n<div  class='avia-buttonrow-wrap av-gtxgt-b1c1770f639333500685c7923161d2bb avia-buttonrow-left  avia-builder-el-14  el_after_av_textblock  avia-builder-el-last'>\n\n<style type=\"text\/css\" data-created_by=\"avia_inline_auto\" id=\"style-css-av-9c0n9-59fdcb9765e204b023fbfb0abf3e4636\">\n#top #wrap_all .avia-button.av-9c0n9-59fdcb9765e204b023fbfb0abf3e4636{\nbackground-color:transparent;\nborder-color:#c99e5f;\ncolor:#c99e5f;\nborder-style:solid;\nborder-width:1px 1px 1px 1px;\nborder-radius:0 0 0 0;\ntransition:all 0.4s ease-in-out;\nmargin-bottom:5px;\nmargin-right:5px;\n}\n#top #wrap_all .avia-button.av-9c0n9-59fdcb9765e204b023fbfb0abf3e4636:hover{\nbackground-color:#c99e5f;\ncolor:#ffffff;\ntransition:all 0.4s ease-in-out;\n}\n#top #wrap_all .avia-button.av-9c0n9-59fdcb9765e204b023fbfb0abf3e4636:hover .avia_button_background{\nborder-radius:0 0 0 0;\n}\n#top #wrap_all .avia-button.av-9c0n9-59fdcb9765e204b023fbfb0abf3e4636 .avia-svg-icon svg:first-child{\nfill:#c99e5f;\nstroke:#c99e5f;\n}\n#top #wrap_all .avia-button.av-9c0n9-59fdcb9765e204b023fbfb0abf3e4636:hover .avia-svg-icon svg:first-child{\nfill:#ffffff;\nstroke:#ffffff;\n}\n<\/style>\n<a href='https:\/\/or.notaires.fr\/it\/expertises\/famille-patrimoine\/testament-et-volontes-successorales\/'  class='avia-button av-9c0n9-59fdcb9765e204b023fbfb0abf3e4636 avia-icon_select-no avia-size-small'   aria-label=\"Saperne di pi\u00f9\"><span class='avia_iconbox_title' >Saperne di pi\u00f9<\/span><\/a>\n<\/div><\/p><\/div><\/div><!--close column table wrapper. Autoclose: 1 --><div class='flex_column_table av-ekz3z-81206040de708d0d6b3b39f236915a67 sc-av_one_half av-equal-height-column-flextable'>\n<style type=\"text\/css\" data-created_by=\"avia_inline_auto\" id=\"style-css-av-ekz3z-81206040de708d0d6b3b39f236915a67\">\n@keyframes av_boxShadowEffect_av-ekz3z-81206040de708d0d6b3b39f236915a67-column {\n0%   { box-shadow:  0 0 0 0 rgba(32,72,82,0.15); opacity: 1; }\n100% { box-shadow:  0 0 20px 0 rgba(32,72,82,0.15); opacity: 1; }\n}\n.flex_column.av-ekz3z-81206040de708d0d6b3b39f236915a67{\nwidth:48.5%;\nmargin-left:0;\nbox-shadow: 0 0 20px 0 rgba(32,72,82,0.15);\nborder-width:4px;\nborder-color:#c99e5f;\nborder-style:double;\npadding:50px 50px 50px 50px;\nbackground-color:rgba(255,255,255,0.95);\n}\n#top .flex_column_table.av-equal-height-column-flextable.av-ekz3z-81206040de708d0d6b3b39f236915a67 .av-flex-placeholder{\nwidth:3%;\n}\n<\/style>\n<div  class='flex_column av-ekz3z-81206040de708d0d6b3b39f236915a67 av_one_half  avia-builder-el-15  el_after_av_one_half  el_before_av_one_half  first flex_column_table_cell av-equal-height-column av-align-top shadow-not-animated  column-top-margin'     ><p>\n<style type=\"text\/css\" data-created_by=\"avia_inline_auto\" id=\"style-css-av-mlqn860d-b7d67a3135459543c46fa2cbdb03091b\">\n#top .av-special-heading.av-mlqn860d-b7d67a3135459543c46fa2cbdb03091b{\nmargin:0 0 0 0;\npadding-bottom:10px;\ncolor:#204852;\n}\nbody .av-special-heading.av-mlqn860d-b7d67a3135459543c46fa2cbdb03091b .av-special-heading-tag .heading-char{\nfont-size:25px;\n}\n#top #wrap_all .av-special-heading.av-mlqn860d-b7d67a3135459543c46fa2cbdb03091b .av-special-heading-tag{\npadding:0 0 0 0;\n}\n.av-special-heading.av-mlqn860d-b7d67a3135459543c46fa2cbdb03091b .special-heading-inner-border{\nborder-color:#204852;\n}\n.av-special-heading.av-mlqn860d-b7d67a3135459543c46fa2cbdb03091b .av-subheading{\nfont-size:15px;\n}\n<\/style>\n<div  class='av-special-heading av-mlqn860d-b7d67a3135459543c46fa2cbdb03091b av-special-heading-h3 custom-color-heading blockquote modern-quote  avia-builder-el-16  el_before_av_textblock  avia-builder-el-first'><h3 class='av-special-heading-tag'  itemprop=\"headline\"  >Successioni e liquidazione ereditaria<\/h3><div class=\"special-heading-border\"><div class=\"special-heading-inner-border\"><\/div><\/div><\/div><br \/>\n<section  class='av_textblock_section av-8fxjr-261aeb086d07cc850b80c4dd52b9faba'   itemscope=\"itemscope\" itemtype=\"https:\/\/schema.org\/CreativeWork\" ><div class='avia_textblock'  itemprop=\"text\" ><p>Supporto rigoroso per la raccolta e il trasferimento sicuro dei beni.<\/p>\n<p>La gestione di un&#039;eredit\u00e0 \u00e8 un processo delicato, sia dal punto di vista personale che legale. Richiede una conoscenza approfondita delle normative civili e fiscali, talvolta anche internazionali, nonch\u00e9 un approccio metodico alle procedure amministrative e di pianificazione successoria.<\/p>\n<\/div><\/section><br \/>\n\n<style type=\"text\/css\" data-created_by=\"avia_inline_auto\" id=\"style-css-av-ett0l-065bffd8a76c09f368db7a0e02e8d96f\">\n.avia-buttonrow-wrap.av-ett0l-065bffd8a76c09f368db7a0e02e8d96f .avia-button{\nfont-size:18px;\npadding:15px 30px 15px 30px;\n}\n<\/style>\n<div  class='avia-buttonrow-wrap av-ett0l-065bffd8a76c09f368db7a0e02e8d96f avia-buttonrow-left  avia-builder-el-18  el_after_av_textblock  avia-builder-el-last'>\n\n<style type=\"text\/css\" data-created_by=\"avia_inline_auto\" id=\"style-css-av-86ith-9998f36c88352bf70609af33ad0aa6ab\">\n#top #wrap_all .avia-button.av-86ith-9998f36c88352bf70609af33ad0aa6ab{\nbackground-color:transparent;\nborder-color:#c99e5f;\ncolor:#c99e5f;\nborder-style:solid;\nborder-width:1px 1px 1px 1px;\nborder-radius:0 0 0 0;\ntransition:all 0.4s ease-in-out;\nmargin-bottom:5px;\nmargin-right:5px;\n}\n#top #wrap_all .avia-button.av-86ith-9998f36c88352bf70609af33ad0aa6ab:hover{\nbackground-color:#c99e5f;\ncolor:#ffffff;\ntransition:all 0.4s ease-in-out;\n}\n#top #wrap_all .avia-button.av-86ith-9998f36c88352bf70609af33ad0aa6ab:hover .avia_button_background{\nborder-radius:0 0 0 0;\n}\n#top #wrap_all .avia-button.av-86ith-9998f36c88352bf70609af33ad0aa6ab .avia-svg-icon svg:first-child{\nfill:#c99e5f;\nstroke:#c99e5f;\n}\n#top #wrap_all .avia-button.av-86ith-9998f36c88352bf70609af33ad0aa6ab:hover .avia-svg-icon svg:first-child{\nfill:#ffffff;\nstroke:#ffffff;\n}\n<\/style>\n<a href='https:\/\/or.notaires.fr\/it\/expertises\/famille-patrimoine\/succession-et-reglement-successoral\/'  class='avia-button av-86ith-9998f36c88352bf70609af33ad0aa6ab avia-icon_select-no avia-size-small'   aria-label=\"Saperne di pi\u00f9\"><span class='avia_iconbox_title' >Saperne di pi\u00f9<\/span><\/a>\n<\/div><\/p><\/div><div class='av-flex-placeholder'><\/div>\n<style type=\"text\/css\" data-created_by=\"avia_inline_auto\" id=\"style-css-av-13q0wl-9adca7f5b63469495a141651ba3983cc\">\n@keyframes av_boxShadowEffect_av-13q0wl-9adca7f5b63469495a141651ba3983cc-column {\n0%   { box-shadow:  0 0 0 0 rgba(32,72,82,0.15); opacity: 1; }\n100% { box-shadow:  0 0 20px 0 rgba(32,72,82,0.15); opacity: 1; }\n}\n.flex_column.av-13q0wl-9adca7f5b63469495a141651ba3983cc{\nwidth:48.5%;\nmargin-left:0;\nbox-shadow: 0 0 20px 0 rgba(32,72,82,0.15);\nborder-width:4px;\nborder-color:#c99e5f;\nborder-style:double;\npadding:50px 50px 50px 50px;\nbackground-color:rgba(255,255,255,0.95);\n}\n#top .flex_column_table.av-equal-height-column-flextable.av-13q0wl-9adca7f5b63469495a141651ba3983cc .av-flex-placeholder{\nwidth:3%;\n}\n<\/style>\n<div  class='flex_column av-13q0wl-9adca7f5b63469495a141651ba3983cc av_one_half  avia-builder-el-19  el_after_av_one_half  avia-builder-el-last  flex_column_table_cell av-equal-height-column av-align-top shadow-not-animated  column-top-margin'     ><p>\n<style type=\"text\/css\" data-created_by=\"avia_inline_auto\" id=\"style-css-av-mlqncubk-343bd7dd3a6e2b3e89e227f5afd6cf53\">\n#top .av-special-heading.av-mlqncubk-343bd7dd3a6e2b3e89e227f5afd6cf53{\nmargin:0 0 0 0;\npadding-bottom:10px;\ncolor:#204852;\n}\nbody .av-special-heading.av-mlqncubk-343bd7dd3a6e2b3e89e227f5afd6cf53 .av-special-heading-tag .heading-char{\nfont-size:25px;\n}\n#top #wrap_all .av-special-heading.av-mlqncubk-343bd7dd3a6e2b3e89e227f5afd6cf53 .av-special-heading-tag{\npadding:0 0 0 0;\n}\n.av-special-heading.av-mlqncubk-343bd7dd3a6e2b3e89e227f5afd6cf53 .special-heading-inner-border{\nborder-color:#204852;\n}\n.av-special-heading.av-mlqncubk-343bd7dd3a6e2b3e89e227f5afd6cf53 .av-subheading{\nfont-size:15px;\n}\n<\/style>\n<div  class='av-special-heading av-mlqncubk-343bd7dd3a6e2b3e89e227f5afd6cf53 av-special-heading-h3 custom-color-heading blockquote modern-quote  avia-builder-el-20  el_before_av_textblock  avia-builder-el-first'><h3 class='av-special-heading-tag'  itemprop=\"headline\"  >Matrimonio, unione civile e convivenza<\/h3><div class=\"special-heading-border\"><div class=\"special-heading-inner-border\"><\/div><\/div><\/div><br \/>\n<section  class='av_textblock_section av-uglth-06c492a63fb47411d43b570c9b1700e3'   itemscope=\"itemscope\" itemtype=\"https:\/\/schema.org\/CreativeWork\" ><div class='avia_textblock'  itemprop=\"text\" ><p style=\"text-align: left;\">Poich\u00e9 ogni unione \u00e8 unica, la scelta del quadro giuridico \u00e8 fondamentale per tutelare il partner, organizzare il patrimonio e garantire i progetti di vita (acquisto di immobili, attivit\u00e0 professionale, famiglia allargata).<\/p>\n<\/div><\/section><br \/>\n\n<style type=\"text\/css\" data-created_by=\"avia_inline_auto\" id=\"style-css-av-du5u5-2961161f121762935e16157d58498a94\">\n.avia-buttonrow-wrap.av-du5u5-2961161f121762935e16157d58498a94 .avia-button{\nfont-size:18px;\npadding:15px 30px 15px 30px;\n}\n<\/style>\n<div  class='avia-buttonrow-wrap av-du5u5-2961161f121762935e16157d58498a94 avia-buttonrow-left  avia-builder-el-22  el_after_av_textblock  avia-builder-el-last'>\n\n<style type=\"text\/css\" data-created_by=\"avia_inline_auto\" id=\"style-css-av-b65th-23d770eeb7933cdd2723b964d642ce71\">\n#top #wrap_all .avia-button.av-b65th-23d770eeb7933cdd2723b964d642ce71{\nbackground-color:transparent;\nborder-color:#c99e5f;\ncolor:#c99e5f;\nborder-style:solid;\nborder-width:1px 1px 1px 1px;\nborder-radius:0 0 0 0;\ntransition:all 0.4s ease-in-out;\nmargin-bottom:5px;\nmargin-right:5px;\n}\n#top #wrap_all .avia-button.av-b65th-23d770eeb7933cdd2723b964d642ce71:hover{\nbackground-color:#c99e5f;\ncolor:#ffffff;\ntransition:all 0.4s ease-in-out;\n}\n#top #wrap_all .avia-button.av-b65th-23d770eeb7933cdd2723b964d642ce71:hover .avia_button_background{\nborder-radius:0 0 0 0;\n}\n#top #wrap_all .avia-button.av-b65th-23d770eeb7933cdd2723b964d642ce71 .avia-svg-icon svg:first-child{\nfill:#c99e5f;\nstroke:#c99e5f;\n}\n#top #wrap_all .avia-button.av-b65th-23d770eeb7933cdd2723b964d642ce71:hover .avia-svg-icon svg:first-child{\nfill:#ffffff;\nstroke:#ffffff;\n}\n<\/style>\n<a href='https:\/\/or.notaires.fr\/it\/expertises\/famille-patrimoine\/mariage-pacs-et-concubinage\/'  class='avia-button av-b65th-23d770eeb7933cdd2723b964d642ce71 avia-icon_select-no avia-size-small'   aria-label=\"Saperne di pi\u00f9\"><span class='avia_iconbox_title' >Saperne di pi\u00f9<\/span><\/a>\n<\/div><\/p><\/div><\/div><!--close column table wrapper. Autoclose: 1 -->","protected":false},"excerpt":{"rendered":"","protected":false},"author":1,"featured_media":0,"parent":91,"menu_order":0,"comment_status":"closed","ping_status":"closed","template":"","meta":{"footnotes":""},"class_list":["post-253","page","type-page","status-publish","hentry"],"_links":{"self":[{"href":"https:\/\/or.notaires.fr\/it\/wp-json\/wp\/v2\/pages\/253","targetHints":{"allow":["GET"]}}],"collection":[{"href":"https:\/\/or.notaires.fr\/it\/wp-json\/wp\/v2\/pages"}],"about":[{"href":"https:\/\/or.notaires.fr\/it\/wp-json\/wp\/v2\/types\/page"}],"author":[{"embeddable":true,"href":"https:\/\/or.notaires.fr\/it\/wp-json\/wp\/v2\/users\/1"}],"replies":[{"embeddable":true,"href":"https:\/\/or.notaires.fr\/it\/wp-json\/wp\/v2\/comments?post=253"}],"version-history":[{"count":11,"href":"https:\/\/or.notaires.fr\/it\/wp-json\/wp\/v2\/pages\/253\/revisions"}],"predecessor-version":[{"id":610,"href":"https:\/\/or.notaires.fr\/it\/wp-json\/wp\/v2\/pages\/253\/revisions\/610"}],"up":[{"embeddable":true,"href":"https:\/\/or.notaires.fr\/it\/wp-json\/wp\/v2\/pages\/91"}],"wp:attachment":[{"href":"https:\/\/or.notaires.fr\/it\/wp-json\/wp\/v2\/media?parent=253"}],"curies":[{"name":"wp","href":"https:\/\/api.w.org\/{rel}","templated":true}]}}